{"id":22170,"date":"2022-12-22T01:58:08","date_gmt":"2022-12-22T00:58:08","guid":{"rendered":"https:\/\/serwer1760390.home.pl\/mecenas\/?page_id=22170"},"modified":"2023-01-25T12:53:56","modified_gmt":"2023-01-25T11:53:56","slug":"porady-prawne-online","status":"publish","type":"page","link":"https:\/\/mtmarjanscy.pl\/?page_id=22170","title":{"rendered":"PORADY PRAWNE ONLINE"},"content":{"rendered":"<p>[vc_row row_type=&#8221;row&#8221; use_row_as_full_screen_section=&#8221;no&#8221; type=&#8221;full_width&#8221; text_align=&#8221;left&#8221; background_animation=&#8221;none&#8221; css_animation=&#8221;&#8221; background_color=&#8221;#ffffff&#8221;][vc_column][vc_row_inner row_type=&#8221;row&#8221; type=&#8221;grid&#8221; use_row_as_full_screen_section_slide=&#8221;no&#8221; text_align=&#8221;left&#8221; padding_top=&#8221;50&#8243; css_animation=&#8221;&#8221;][vc_column_inner width=&#8221;1\/2&#8243;][vc_column_text]<img loading=\"lazy\" decoding=\"async\" class=\"alignnone wp-image-22327 size-full\" src=\"http:\/\/mtmarjanscy.pl\/wp-content\/uploads\/2023\/01\/7-1.jpg\" alt=\"\" width=\"1200\" height=\"800\" srcset=\"https:\/\/mtmarjanscy.pl\/wp-content\/uploads\/2023\/01\/7-1.jpg 1200w, https:\/\/mtmarjanscy.pl\/wp-content\/uploads\/2023\/01\/7-1-480x320.jpg 480w, https:\/\/mtmarjanscy.pl\/wp-content\/uploads\/2023\/01\/7-1-768x512.jpg 768w, https:\/\/mtmarjanscy.pl\/wp-content\/uploads\/2023\/01\/7-1-700x467.jpg 700w, https:\/\/mtmarjanscy.pl\/wp-content\/uploads\/2023\/01\/7-1-1100x733.jpg 1100w\" sizes=\"auto, (max-width: 1200px) 100vw, 1200px\" \/>[\/vc_column_text][vc_separator type=&#8221;transparent&#8221; border_style=&#8221;&#8221; up=&#8221;15&#8243; down=&#8221;0&#8243;][\/vc_column_inner][vc_column_inner width=&#8221;1\/2&#8243;][vc_column_text]<\/p>\n<h2>PORADY PRAWNE ONLINE<\/h2>\n<p>[\/vc_column_text][vc_separator type=&#8221;transparent&#8221; border_style=&#8221;&#8221; up=&#8221;40&#8243; down=&#8221;0&#8243;][vc_column_text]Kancelaria Radc\u00f3w Prawnych M.T. Marja\u0144scy udziela porad prawnych zdalnie przez Internet. Oferta w tym zakresie jest adresowana do os\u00f3b, kt\u00f3re pilnie potrzebuj\u0105 profesjonalnej pomocy prawnej radcy prawnego bez konieczno\u015bci wychodzenia z domu.<\/p>\n<p>Najistotniejszymi zaletami porady prawnej online jest jej <strong>dost\u0119pno\u015b\u0107<\/strong> oraz <strong>szybko\u015b\u0107 za\u0142atwienia sprawy<\/strong>. Porada prawna online zazwyczaj udzielana jest w ci\u0105gu 24 godzin od nawi\u0105zania kontaktu z Kancelari\u0105.<\/p>\n<p>Porada\u00a0prawna\u00a0online udzielana jest w takich samych, <strong>wysokich standardach, jak porada prawna dost\u0119pna w biurze Kancelarii w Warszawie<\/strong> i \u015bwiadczona jest przez jednego z radc\u00f3w prawnych \u2013 wsp\u00f3lnik\u00f3w Kancelarii Radc\u00f3w Prawnych M.T. Marja\u0144scy s.c.[\/vc_column_text][vc_separator type=&#8221;transparent&#8221; border_style=&#8221;&#8221; up=&#8221;60&#8243; down=&#8221;0&#8243;][\/vc_column_inner][\/vc_row_inner][\/vc_column][\/vc_row][vc_row row_type=&#8221;row&#8221; use_row_as_full_screen_section=&#8221;no&#8221; type=&#8221;full_width&#8221; text_align=&#8221;left&#8221; background_animation=&#8221;none&#8221; padding_top=&#8221;30&#8243; padding_bottom=&#8221;30&#8243; css_animation=&#8221;&#8221; background_color=&#8221;#f5f5f5&#8243;][vc_column][vc_row_inner row_type=&#8221;row&#8221; type=&#8221;grid&#8221; use_row_as_full_screen_section_slide=&#8221;no&#8221; text_align=&#8221;left&#8221; css_animation=&#8221;&#8221;][vc_column_inner][vc_column_text]<strong>Kancelaria Radc\u00f3w Prawnych M.T. Marja\u0144scy s.c. udziela porad prawnych online w sprawach z nast\u0119puj\u0105cych dziedzin:<\/strong>[\/vc_column_text][vc_separator type=&#8221;transparent&#8221; border_style=&#8221;&#8221; up=&#8221;15&#8243; down=&#8221;0&#8243;][vc_column_text]\u2013 prawo cywilne (w tym prawo spadkowe, prawo zobowi\u0105za\u0144, prawo dotycz\u0105ce nieruchomo\u015bci, umowy)<\/p>\n<p>\u2013 sprawy kredyt\u00f3w indeksowanych\/denominowanych do waluty obcej (tzw. kredyty frankowe)<\/p>\n<p>\u2013 prawo gospodarczego i prawo sp\u00f3\u0142ek<\/p>\n<p>\u2013 prawo sp\u00f3\u0142dzielcze i prawo lokalowe (wsp\u00f3lnoty mieszkaniowe)<\/p>\n<p>\u2013 prawo budowlane<\/p>\n<p>\u2013 prawa autorskie, w\u0142asno\u015b\u0107 intelektualna<\/p>\n<p>\u2013 prawo upad\u0142o\u015bciowe i restrukturyzacyjne<\/p>\n<p>\u2013 prawo administracyjne[\/vc_column_text][vc_separator type=&#8221;transparent&#8221; border_style=&#8221;&#8221; up=&#8221;15&#8243; down=&#8221;0&#8243;][\/vc_column_inner][\/vc_row_inner][\/vc_column][\/vc_row][vc_row row_type=&#8221;row&#8221; use_row_as_full_screen_section=&#8221;no&#8221; type=&#8221;full_width&#8221; text_align=&#8221;left&#8221; background_animation=&#8221;none&#8221; css_animation=&#8221;&#8221; background_color=&#8221;#ffffff&#8221;][vc_column][vc_row_inner row_type=&#8221;row&#8221; type=&#8221;grid&#8221; use_row_as_full_screen_section_slide=&#8221;no&#8221; text_align=&#8221;left&#8221; padding_top=&#8221;50&#8243; css_animation=&#8221;&#8221;][vc_column_inner width=&#8221;1\/2&#8243;][vc_separator type=&#8221;transparent&#8221; border_style=&#8221;&#8221; up=&#8221;15&#8243; down=&#8221;0&#8243;][vc_column_text]<strong>Forma porady prawnej online<\/strong><\/p>\n<p>&nbsp;<\/p>\n<p><strong>Porady prawne online<\/strong> udzielane s\u0105 <strong>przez Internet<\/strong> bez konieczno\u015bci wychodzenia z domu. Kancelaria \u015bwiadczy pomoc prawn\u0105 online za pomoc\u0105 takich komunikator\u00f3w jak Messenger, WhatsApp, Microsoft Teams, Zoom. Mo\u017cliwe jest r\u00f3wnie\u017c uzyskanie porady prawnej <strong>w formie pisemnej opinii<\/strong> w odpowiedzi na zapytanie mailowe.[\/vc_column_text][vc_separator type=&#8221;transparent&#8221; border_style=&#8221;&#8221; up=&#8221;30&#8243; down=&#8221;0&#8243;][vc_column_text]<strong>Zlecenie porady prawnej online<\/strong><\/p>\n<p>&nbsp;<\/p>\n<p>Klienci, kt\u00f3rzy chc\u0105 zleci\u0107 porad\u0119 prawna online mog\u0105 um\u00f3wi\u0107 si\u0119 na <strong>spotkanie drog\u0105 mailow\u0105. <\/strong>W takim przypadku pomocne b\u0119dzie kr\u00f3tkie opisanie problemu oraz wskazanie dogodnych godzin kontaktu. Zasadne b\u0119dzie r\u00f3wnie\u017c przes\u0142anie drog\u0105 mailow\u0105 dokument\u00f3w zwi\u0105zanych ze spraw\u0105, kt\u00f3ra ma by\u0107 przedmiotem porady prawnej online. W odpowiedzi na zapytanie Kancelaria wyceni porad\u0119 prawn\u0105 online oraz zaproponuje termin konsultacji.[\/vc_column_text][\/vc_column_inner][vc_column_inner width=&#8221;1\/2&#8243;][vc_separator type=&#8221;transparent&#8221; border_style=&#8221;&#8221; up=&#8221;15&#8243; down=&#8221;0&#8243;][vc_column_text]<strong>Koszt porady prawnej<\/strong><\/p>\n<p>&nbsp;<\/p>\n<p>Ka\u017cda porada prawna jest wyceniania indywidualnie. Cena porady prawnej jest ustalana z Klientem przed um\u00f3wieniem terminu spotkania. Koszt porady prawnej online zale\u017cy od stopnia z\u0142o\u017cono\u015bci problemu oraz nak\u0142adu pracy radcy prawnego i rozpoczyna si\u0119 <strong>od kwoty 250 z\u0142<\/strong> za godzin\u0119 pracy radcy prawnego. Zazwyczaj jest to czas wystarczaj\u0105cy do rozwi\u0105zania problemu prawnego. Je\u015bli sprawa jest zawi\u0142a, wielow\u0105tkowa, dotyka kwestii prawnych z r\u00f3\u017cnych obszar\u00f3w prawa, posiada rozbudowan\u0105 dokumentacj\u0119, to wymaga wi\u0119kszego zaanga\u017cowania i nak\u0142adu pracy radcy prawnego, a wtedy cena porady prawnej mo\u017ce by\u0107 wy\u017csza.<\/p>\n<p><strong>\u017beby porada prawna online mog\u0142a si\u0119 odby\u0107 wymagane jest jej wcze\u015bniejsze op\u0142acenie. <\/strong><\/p>\n<p>Wynagrodzenie za porad\u0119 prawn\u0105 online nale\u017cy ui\u015bci\u0107 na nast\u0119puj\u0105cy rachunek bankowy:<\/p>\n<p><strong>Nr rachunku:<\/strong> 56 1020 4900 0000 \u00a08102 3387 9110<\/p>\n<p><strong>Beneficjent rachunku:<\/strong> Kancelaria Radc\u00f3w Prawnych M.T. Marja\u0144scy s.c.<\/p>\n<p><strong>Tytu\u0142 przelewu:<\/strong> imi\u0119 i nazwisko Klienta oraz dopisek \u201eporada prawna\u201d[\/vc_column_text][vc_separator type=&#8221;transparent&#8221; border_style=&#8221;&#8221; up=&#8221;60&#8243; down=&#8221;0&#8243;][\/vc_column_inner][\/vc_row_inner][\/vc_column][\/vc_row][vc_row row_type=&#8221;row&#8221; use_row_as_full_screen_section=&#8221;no&#8221; type=&#8221;full_width&#8221; text_align=&#8221;left&#8221; background_animation=&#8221;none&#8221; css_animation=&#8221;&#8221; background_color=&#8221;#ffffff&#8221;][vc_column][vc_row_inner row_type=&#8221;row&#8221; type=&#8221;grid&#8221; use_row_as_full_screen_section_slide=&#8221;no&#8221; text_align=&#8221;left&#8221; padding_top=&#8221;65&#8243; css_animation=&#8221;&#8221;][vc_column_inner][vc_column_text]<strong><em>Przetwarzanie danych osobowych<\/em><\/strong><\/p>\n<p><em>Administratorem Pa\u0144stwa danych osobowych jest Kancelaria Radc\u00f3w Prawnych M.T. Marja\u0144scy s.c. z siedzib\u0105 w Warszawie, przy ul. Pu\u0142awskiej 24a lok. 30. Kontaktuj\u0105c si\u0119 z Kancelari\u0105 telefonicznie lub za pomoc\u0105 poczty elektronicznej wyra\u017caj\u0105 Pa\u0144stwo zgod\u0119 na przetwarzanie swoich danych osobowych (imi\u0119, nazwisko, adres zamieszkania, e-mail, nr telefonu) niezb\u0119dnych do realizacji powierzonych Kancelarii czynno\u015bci \u00a0prawnych. Powierzenie przetwarzania danych jest dobrowolne. Posiadaj\u0105 Pa\u0144stwo prawo wycofania niniejszej zgody w dowolnym momencie, w tym r\u00f3wnie\u017c drog\u0105 elektroniczn\u0105. Dane osobowe b\u0119d\u0105 przetwarzane do momentu wykonania, rozliczenia i zabezpieczenia prawid\u0142owego wykonania zleconej przez Pa\u0144stwa us\u0142ugi prawnej przez Kancelari\u0119 b\u0105d\u017a do odwo\u0142ania przez Pa\u0144stwa zgody, po tym czasie dane zostan\u0105 usuni\u0119te z bazy. Dane b\u0119d\u0105 wykorzystywane bezpo\u015brednio przez Administratora oraz podmioty \u015bci\u015ble z nim wsp\u00f3\u0142pracuj\u0105ce jedynie dla cel\u00f3w realizacji zleconej us\u0142ugi prawnej. Posiadaj\u0105 Pa\u0144stwo r\u00f3wnie\u017c prawo \u017c\u0105dania dost\u0119pu do swoich danych osobowych, ich sprostowania, poprawienia, usuni\u0119cia lub ograniczenia przetwarzania. Akceptuj\u0105c niniejsz\u0105 klauzul\u0119 potwierdzaj\u0105 Pa\u0144stwo, \u017ce posiadaj\u0105 \u015bwiadomo\u015b\u0107, \u017ce w razie cofni\u0119cia zgody, dane osobowe mog\u0105 by\u0107 w dalszym ci\u0105gu przetwarzane w zakresie wynikaj\u0105cym z celu i charakteru zlecenia, a tak\u017ce obowi\u0105zuj\u0105cych przepis\u00f3w prawa. <\/em><a href=\"https:\/\/serwer1760390.home.pl\/mecenas\/index.php\/polityka-prywatnosci\/\" target=\"_blank\" rel=\"noopener\"><em>Czytaj wi\u0119cej &gt;<\/em><\/a>[\/vc_column_text][\/vc_column_inner][\/vc_row_inner][vc_separator type=&#8221;transparent&#8221; border_style=&#8221;&#8221; up=&#8221;60&#8243; down=&#8221;0&#8243;][\/vc_column][\/vc_row]<\/p>\n","protected":false},"excerpt":{"rendered":"<p>[vc_row row_type=&#8221;row&#8221; use_row_as_full_screen_section=&#8221;no&#8221; type=&#8221;full_width&#8221; text_align=&#8221;left&#8221; background_animation=&#8221;none&#8221; css_animation=&#8221;&#8221; background_color=&#8221;#ffffff&#8221;][vc_column][vc_row_inner row_type=&#8221;row&#8221; type=&#8221;grid&#8221; use_row_as_full_screen_section_slide=&#8221;no&#8221; text_align=&#8221;left&#8221; padding_top=&#8221;50&#8243; css_animation=&#8221;&#8221;][vc_column_inner width=&#8221;1\/2&#8243;][vc_column_text][\/vc_column_text][vc_separator type=&#8221;transparent&#8221; border_style=&#8221;&#8221; up=&#8221;15&#8243; down=&#8221;0&#8243;][\/vc_column_inner][vc_column_inner width=&#8221;1\/2&#8243;][vc_column_text] PORADY PRAWNE ONLINE [\/vc_column_text][vc_separator type=&#8221;transparent&#8221; border_style=&#8221;&#8221; up=&#8221;40&#8243; down=&#8221;0&#8243;][vc_column_text]Kancelaria Radc\u00f3w Prawnych M.T. Marja\u0144scy udziela porad prawnych zdalnie przez Internet. Oferta w tym zakresie jest adresowana do&#8230;<\/p>\n","protected":false},"author":1,"featured_media":0,"parent":19080,"menu_order":0,"comment_status":"closed","ping_status":"closed","template":"full_width.php","meta":{"footnotes":""},"class_list":["post-22170","page","type-page","status-publish","hentry"],"_links":{"self":[{"href":"https:\/\/mtmarjanscy.pl\/index.php?rest_route=\/wp\/v2\/pages\/22170","targetHints":{"allow":["GET"]}}],"collection":[{"href":"https:\/\/mtmarjanscy.pl\/index.php?rest_route=\/wp\/v2\/pages"}],"about":[{"href":"https:\/\/mtmarjanscy.pl\/index.php?rest_route=\/wp\/v2\/types\/page"}],"author":[{"embeddable":true,"href":"https:\/\/mtmarjanscy.pl\/index.php?rest_route=\/wp\/v2\/users\/1"}],"replies":[{"embeddable":true,"href":"https:\/\/mtmarjanscy.pl\/index.php?rest_route=%2Fwp%2Fv2%2Fcomments&post=22170"}],"version-history":[{"count":10,"href":"https:\/\/mtmarjanscy.pl\/index.php?rest_route=\/wp\/v2\/pages\/22170\/revisions"}],"predecessor-version":[{"id":22432,"href":"https:\/\/mtmarjanscy.pl\/index.php?rest_route=\/wp\/v2\/pages\/22170\/revisions\/22432"}],"up":[{"embeddable":true,"href":"https:\/\/mtmarjanscy.pl\/index.php?rest_route=\/wp\/v2\/pages\/19080"}],"wp:attachment":[{"href":"https:\/\/mtmarjanscy.pl\/index.php?rest_route=%2Fwp%2Fv2%2Fmedia&parent=22170"}],"curies":[{"name":"wp","href":"https:\/\/api.w.org\/{rel}","templated":true}]}}