{"id":22023,"date":"2022-11-20T22:27:43","date_gmt":"2022-11-20T21:27:43","guid":{"rendered":"https:\/\/serwer1760390.home.pl\/mecenas\/?page_id=22023"},"modified":"2023-01-25T12:52:58","modified_gmt":"2023-01-25T11:52:58","slug":"windykacja-naleznosci","status":"publish","type":"page","link":"https:\/\/mtmarjanscy.pl\/?page_id=22023","title":{"rendered":"WINDYKACJA NALE\u017bNO\u015aCI"},"content":{"rendered":"<p>[vc_row row_type=&#8221;row&#8221; use_row_as_full_screen_section=&#8221;no&#8221; type=&#8221;full_width&#8221; text_align=&#8221;left&#8221; background_animation=&#8221;none&#8221; css_animation=&#8221;&#8221; background_color=&#8221;#ffffff&#8221;][vc_column][vc_row_inner row_type=&#8221;row&#8221; type=&#8221;grid&#8221; use_row_as_full_screen_section_slide=&#8221;no&#8221; text_align=&#8221;left&#8221; padding_top=&#8221;50&#8243; css_animation=&#8221;&#8221;][vc_column_inner width=&#8221;1\/2&#8243;][vc_column_text]<\/p>\n<h2><strong>WINDYKACJA NALE\u017bNO\u015aCI<\/strong><\/h2>\n<p>[\/vc_column_text][vc_separator type=&#8221;transparent&#8221; border_style=&#8221;&#8221; up=&#8221;40&#8243; down=&#8221;0&#8243;][vc_column_text]Kancelarii Radc\u00f3w Prawnych M. T. Marja\u0144scy s.c. oferuje kompleksow\u0105 pomoc przedsi\u0119biorcom oraz osobom fizycznym w odzyskiwaniu ich zaleg\u0142ych nale\u017cno\u015bci. Pomagamy na ka\u017cdym etapie<strong> windykacji nale\u017cno\u015bci<\/strong><strong>:<\/strong> od sporz\u0105dzenia i\u00a0wys\u0142ania wezwania do zap\u0142aty do d\u0142u\u017cnika, poprzez reprezentowanie klienta przed s\u0105dem, do przeprowadzenia post\u0119powania egzekucyjnego. Egzekwujemy d\u0142ugi przeds\u0105dowe, pozas\u0105dowe, przedegzekucyjne, w\u00a0trakcie egzekucji lub po bezskutecznej egzekucji komorniczej oraz nale\u017cno\u015bci przedawnione.[\/vc_column_text][vc_separator type=&#8221;transparent&#8221; border_style=&#8221;&#8221; up=&#8221;60&#8243; down=&#8221;0&#8243;][\/vc_column_inner][vc_column_inner width=&#8221;1\/2&#8243;][vc_column_text]<img loading=\"lazy\" decoding=\"async\" class=\"alignnone wp-image-22322 size-full\" src=\"http:\/\/mtmarjanscy.pl\/wp-content\/uploads\/2023\/01\/6-1.jpg\" alt=\"\" width=\"1200\" height=\"800\" srcset=\"https:\/\/mtmarjanscy.pl\/wp-content\/uploads\/2023\/01\/6-1.jpg 1200w, https:\/\/mtmarjanscy.pl\/wp-content\/uploads\/2023\/01\/6-1-480x320.jpg 480w, https:\/\/mtmarjanscy.pl\/wp-content\/uploads\/2023\/01\/6-1-768x512.jpg 768w, https:\/\/mtmarjanscy.pl\/wp-content\/uploads\/2023\/01\/6-1-700x467.jpg 700w, https:\/\/mtmarjanscy.pl\/wp-content\/uploads\/2023\/01\/6-1-1100x733.jpg 1100w\" sizes=\"auto, (max-width: 1200px) 100vw, 1200px\" \/>[\/vc_column_text][vc_separator type=&#8221;transparent&#8221; border_style=&#8221;&#8221; up=&#8221;15&#8243; down=&#8221;0&#8243;][\/vc_column_inner][\/vc_row_inner][\/vc_column][\/vc_row][vc_row row_type=&#8221;row&#8221; use_row_as_full_screen_section=&#8221;yes&#8221; type=&#8221;full_width&#8221; text_align=&#8221;left&#8221; background_animation=&#8221;none&#8221; padding_top=&#8221;30&#8243; padding_bottom=&#8221;30&#8243; css_animation=&#8221;&#8221; background_color=&#8221;#f5f5f5&#8243;][vc_column][vc_row_inner row_type=&#8221;row&#8221; type=&#8221;grid&#8221; use_row_as_full_screen_section_slide=&#8221;no&#8221; text_align=&#8221;left&#8221; css_animation=&#8221;&#8221; css=&#8221;.vc_custom_1674559158432{padding-right: 5% !important;padding-left: 5% !important;}&#8221;][vc_column_inner][vc_column_text]<\/p>\n<h5 style=\"text-align: left;\"><strong>W ramach naszych dzia\u0142a\u0144:<\/strong><\/h5>\n<p>[\/vc_column_text][vc_separator type=&#8221;transparent&#8221; border_style=&#8221;&#8221; up=&#8221;15&#8243; down=&#8221;0&#8243;][vc_column_text]<\/p>\n<ol>\n<li>sporz\u0105dzamy i kierujemy do d\u0142u\u017cnika wezwanie do zap\u0142aty, prowadzimy negocjacje z d\u0142u\u017cnikiem zar\u00f3wno w zakresie sp\u0142aty d\u0142ugu jak i mo\u017cliwej restrukturyzacji zad\u0142u\u017cenia,<\/li>\n<li>sk\u0142adamy pozew o zap\u0142at\u0119, reprezentujemy Klienta w post\u0119powaniu s\u0105dowym (cywilnych lub gospodarczych) w I i II instancji oraz przed S\u0105dem Najwy\u017cszym, a tak\u017ce w post\u0119powaniu zabezpieczaj\u0105cym i egzekucyjnym.<\/li>\n<\/ol>\n<p>[\/vc_column_text][\/vc_column_inner][\/vc_row_inner][\/vc_column][\/vc_row][vc_row row_type=&#8221;row&#8221; use_row_as_full_screen_section=&#8221;no&#8221; type=&#8221;full_width&#8221; text_align=&#8221;left&#8221; background_animation=&#8221;none&#8221; css_animation=&#8221;&#8221; background_color=&#8221;#ffffff&#8221;][vc_column][vc_row_inner row_type=&#8221;row&#8221; type=&#8221;grid&#8221; use_row_as_full_screen_section_slide=&#8221;no&#8221; text_align=&#8221;left&#8221; padding_top=&#8221;65&#8243; css_animation=&#8221;&#8221;][vc_column_inner][vc_separator type=&#8221;transparent&#8221; border_style=&#8221;&#8221; up=&#8221;15&#8243; down=&#8221;0&#8243;][vc_column_text]Oferujemy zar\u00f3wno sta\u0142\u0105 obs\u0142ug\u0119 prawn\u0105 polegaj\u0105c\u0105 na windykacji wszystkich nale\u017cno\u015bci na rzecz Klienta, jak i dora\u017an\u0105 pomoc z konkretnym d\u0142ugiem.<\/p>\n<p>Pomagamy odzyska\u0107 nale\u017cno\u015bci z wszelkich tytu\u0142\u00f3w, w tym w szczeg\u00f3lno\u015bci z um\u00f3w zawartych ustnie lub pisemnie, um\u00f3w po\u017cyczek, najmu lub um\u00f3w kredytowych, op\u00f3\u017anie\u0144 w zap\u0142acie faktur, niewykonania um\u00f3w, zaliczek oraz kar umownych.<\/p>\n<p>&nbsp;<\/p>\n<p>W zakresie windykacji nale\u017cno\u015bci posiadamy wieloletnie do\u015bwiadczenie, dzia\u0142amy szybko i skutecznie. Wyr\u00f3\u017cnia nas wysoka jako\u015b\u0107 obs\u0142ugi oraz \u00a0przejrzyste zasady rozlicze\u0144 z Klientami.[\/vc_column_text][vc_separator type=&#8221;transparent&#8221; border_style=&#8221;&#8221; up=&#8221;15&#8243; down=&#8221;0&#8243;][vc_separator type=&#8221;transparent&#8221; border_style=&#8221;&#8221; up=&#8221;60&#8243; down=&#8221;0&#8243;][vc_column_text]<\/p>\n<h5><strong>Zach\u0119camy do skorzystania z us\u0142ug naszej Kancelarii i zapraszamy do kontaktu.<\/strong><\/h5>\n<p>[\/vc_column_text][vc_separator type=&#8221;transparent&#8221; border_style=&#8221;&#8221; up=&#8221;60&#8243; down=&#8221;0&#8243;][\/vc_column_inner][\/vc_row_inner][\/vc_column][\/vc_row]<\/p>\n","protected":false},"excerpt":{"rendered":"<p>[vc_row row_type=&#8221;row&#8221; use_row_as_full_screen_section=&#8221;no&#8221; type=&#8221;full_width&#8221; text_align=&#8221;left&#8221; background_animation=&#8221;none&#8221; css_animation=&#8221;&#8221; background_color=&#8221;#ffffff&#8221;][vc_column][vc_row_inner row_type=&#8221;row&#8221; type=&#8221;grid&#8221; use_row_as_full_screen_section_slide=&#8221;no&#8221; text_align=&#8221;left&#8221; padding_top=&#8221;50&#8243; css_animation=&#8221;&#8221;][vc_column_inner width=&#8221;1\/2&#8243;][vc_column_text] WINDYKACJA NALE\u017bNO\u015aCI [\/vc_column_text][vc_separator type=&#8221;transparent&#8221; border_style=&#8221;&#8221; up=&#8221;40&#8243; down=&#8221;0&#8243;][vc_column_text]Kancelarii Radc\u00f3w Prawnych M. T. Marja\u0144scy s.c. oferuje kompleksow\u0105 pomoc przedsi\u0119biorcom oraz osobom fizycznym w odzyskiwaniu ich zaleg\u0142ych nale\u017cno\u015bci. Pomagamy na ka\u017cdym etapie windykacji&#8230;<\/p>\n","protected":false},"author":1,"featured_media":0,"parent":19080,"menu_order":0,"comment_status":"closed","ping_status":"closed","template":"full_width.php","meta":{"footnotes":""},"class_list":["post-22023","page","type-page","status-publish","hentry"],"_links":{"self":[{"href":"https:\/\/mtmarjanscy.pl\/index.php?rest_route=\/wp\/v2\/pages\/22023","targetHints":{"allow":["GET"]}}],"collection":[{"href":"https:\/\/mtmarjanscy.pl\/index.php?rest_route=\/wp\/v2\/pages"}],"about":[{"href":"https:\/\/mtmarjanscy.pl\/index.php?rest_route=\/wp\/v2\/types\/page"}],"author":[{"embeddable":true,"href":"https:\/\/mtmarjanscy.pl\/index.php?rest_route=\/wp\/v2\/users\/1"}],"replies":[{"embeddable":true,"href":"https:\/\/mtmarjanscy.pl\/index.php?rest_route=%2Fwp%2Fv2%2Fcomments&post=22023"}],"version-history":[{"count":11,"href":"https:\/\/mtmarjanscy.pl\/index.php?rest_route=\/wp\/v2\/pages\/22023\/revisions"}],"predecessor-version":[{"id":22431,"href":"https:\/\/mtmarjanscy.pl\/index.php?rest_route=\/wp\/v2\/pages\/22023\/revisions\/22431"}],"up":[{"embeddable":true,"href":"https:\/\/mtmarjanscy.pl\/index.php?rest_route=\/wp\/v2\/pages\/19080"}],"wp:attachment":[{"href":"https:\/\/mtmarjanscy.pl\/index.php?rest_route=%2Fwp%2Fv2%2Fmedia&parent=22023"}],"curies":[{"name":"wp","href":"https:\/\/api.w.org\/{rel}","templated":true}]}}