{"id":22014,"date":"2022-11-20T22:22:59","date_gmt":"2022-11-20T21:22:59","guid":{"rendered":"https:\/\/serwer1760390.home.pl\/mecenas\/?page_id=22014"},"modified":"2023-01-25T12:52:01","modified_gmt":"2023-01-25T11:52:01","slug":"procesy-sadowe","status":"publish","type":"page","link":"https:\/\/mtmarjanscy.pl\/?page_id=22014","title":{"rendered":"PROCESY S\u0104DOWE"},"content":{"rendered":"<p>[vc_row row_type=&#8221;row&#8221; use_row_as_full_screen_section=&#8221;no&#8221; type=&#8221;full_width&#8221; text_align=&#8221;left&#8221; background_animation=&#8221;none&#8221; css_animation=&#8221;&#8221; background_color=&#8221;#ffffff&#8221;][vc_column][vc_row_inner row_type=&#8221;row&#8221; type=&#8221;grid&#8221; use_row_as_full_screen_section_slide=&#8221;no&#8221; text_align=&#8221;left&#8221; padding_top=&#8221;50&#8243; css_animation=&#8221;&#8221;][vc_column_inner width=&#8221;1\/2&#8243;][vc_column_text]<img loading=\"lazy\" decoding=\"async\" class=\"alignnone wp-image-22326 size-full\" src=\"http:\/\/mtmarjanscy.pl\/wp-content\/uploads\/2023\/01\/4-1.jpg\" alt=\"\" width=\"1200\" height=\"800\" \/>[\/vc_column_text][vc_separator type=&#8221;transparent&#8221; border_style=&#8221;&#8221; up=&#8221;15&#8243; down=&#8221;0&#8243;][\/vc_column_inner][vc_column_inner width=&#8221;1\/2&#8243;][vc_column_text]<\/p>\n<h2>PROCESY S\u0104DOWE<\/h2>\n<p>[\/vc_column_text][vc_separator type=&#8221;transparent&#8221; border_style=&#8221;&#8221; up=&#8221;40&#8243; down=&#8221;0&#8243;][vc_column_text]Wsp\u00f3lnicy Kancelarii Radc\u00f3w Prawnych M. T. Marja\u0144scy s.c. od ponad 20 lat \u015bwiadcz\u0105 profesjonaln\u0105 pomoc prawn\u0105 w zakresie reprezentowania Klient\u00f3w (przedsi\u0119biorc\u00f3w i os\u00f3b fizycznych) w sprawach s\u0105dowych. Prowadzimy zar\u00f3wno sprawy standardowe jak i\u00a0nietypowe, skomplikowane i precedensowe. Sprawa ka\u017cdego Klienta jest dla nas r\u00f3wnie wa\u017cna.<\/p>\n<p>Zesp\u00f3\u0142 Kancelarii Radc\u00f3w Prawnych M. T. Marja\u0144scy s.c. stanowi\u0105 radcowie prawni z wieloletnim\u00a0do\u015bwiadczeniem procesowym.[\/vc_column_text][vc_separator type=&#8221;transparent&#8221; border_style=&#8221;&#8221; up=&#8221;60&#8243; down=&#8221;0&#8243;][\/vc_column_inner][\/vc_row_inner][\/vc_column][\/vc_row][vc_row row_type=&#8221;row&#8221; use_row_as_full_screen_section=&#8221;yes&#8221; type=&#8221;full_width&#8221; text_align=&#8221;left&#8221; background_animation=&#8221;none&#8221; padding_top=&#8221;30&#8243; padding_bottom=&#8221;30&#8243; css_animation=&#8221;&#8221; background_color=&#8221;#f5f5f5&#8243;][vc_column][vc_column_text]<\/p>\n<h5 style=\"text-align: center;\"><strong>Wspieramy naszych Klient\u00f3w na wszystkich etapach sporu:<\/strong><\/h5>\n<p>[\/vc_column_text][vc_separator type=&#8221;transparent&#8221; border_style=&#8221;&#8221; up=&#8221;60&#8243; down=&#8221;0&#8243;][vc_row_inner row_type=&#8221;row&#8221; type=&#8221;full_width&#8221; use_row_as_full_screen_section_slide=&#8221;no&#8221; text_align=&#8221;left&#8221; css_animation=&#8221;&#8221; css=&#8221;.vc_custom_1668979264413{padding-right: 5% !important;padding-left: 5% !important;}&#8221;][vc_column_inner width=&#8221;1\/3&#8243;][vc_column_text]<\/p>\n<h5><strong>I etap przeds\u0105dowy<\/strong><\/h5>\n<p>[\/vc_column_text][vc_column_text]Dokonujemy wszechstronnej analizy stanu prawnego i faktycznego sprawy Klienta, je\u017celi jest to tylko mo\u017cliwe, d\u0105\u017cymy do polubownego zako\u0144czenia sprawy, wspieramy Klienta w rozmowach, negocjacjach, przygotowujemy ugod\u0119 pozas\u0105dow\u0105, w przypadku braku porozumienia opracowujemy wezwania przeds\u0105dowe.[\/vc_column_text][vc_separator type=&#8221;transparent&#8221; border_style=&#8221;&#8221; up=&#8221;15&#8243; down=&#8221;0&#8243;][\/vc_column_inner][vc_column_inner width=&#8221;1\/3&#8243;][vc_column_text]<\/p>\n<h5><strong>II etap procesowy<\/strong><\/h5>\n<p>[\/vc_column_text][vc_column_text]W przypadku braku mo\u017cliwo\u015bci polubownego zako\u0144czenia sporu \u2013 okre\u015blamy zasadno\u015b\u0107 wszcz\u0119cia sprawy w \u015bwietle interes\u00f3w ekonomicznych i \u017cyciowych Klienta, okre\u015blamy koszty procesu, szacujemy czas trwania sporu s\u0105dowego oraz ustalamy z Klientem strategi\u0119 procesow\u0105 i taktyk\u0119 prowadzenia sporu s\u0105dowego; z uwagi na d\u0142ugotrwa\u0142o\u015b\u0107 post\u0119powa\u0144 s\u0105dowych, cz\u0119sto rozwa\u017camy zasadno\u015b\u0107 zabezpieczenia roszczenia Klienta.<\/p>\n<p>Reprezentujemy Klienta w procesach cywilnych, gospodarczych oraz post\u0119powaniach nieprocesowych (sprawy rodzinne, spadkowe, wieczystoksi\u0119gowe oraz post\u0119powanie rejestrowe w KRS) na ka\u017cdym etapie post\u0119powania s\u0105dowego, na rozprawach przed s\u0105dami rejonowymi, okr\u0119gowymi, apelacyjnymi oraz S\u0105dem Najwy\u017cszym; wyst\u0119pujemy tak\u017ce przed\u00a0 wojew\u00f3dzkimi s\u0105dami administracyjnymi oraz\u00a0 Naczelnym S\u0105dem Administracyjnym; sporz\u0105dzamy wszelkie pisma procesowe (pozwy, sprzeciwy od nakazu zap\u0142aty, zarzuty do nakazu zap\u0142aty, wnioski, apelacje, za\u017calenia, skargi kasacyjne, skargi na bezczynno\u015b\u0107 organu).[\/vc_column_text][vc_separator type=&#8221;transparent&#8221; border_style=&#8221;&#8221; up=&#8221;15&#8243; down=&#8221;0&#8243;][\/vc_column_inner][vc_column_inner width=&#8221;1\/3&#8243;][vc_column_text]<\/p>\n<h5><strong>III etap egzekucyjny<\/strong><\/h5>\n<p>[\/vc_column_text][vc_column_text]Naszym Klientom oferujemy pomoc prawn\u0105 na ka\u017cdym etapie odzyskiwania wierzytelno\u015bci, dbamy o prawid\u0142owy przebieg post\u0119powania egzekucyjnego, wskazujemy komornikom s\u0105dowym mo\u017cliwe dzia\u0142ania oraz kontrolujemy dokonywane przez nich czynno\u015bci przez pryzmat ich zasadno\u015bci, efektywno\u015bci oraz op\u0142acalno\u015bci.[\/vc_column_text][vc_separator type=&#8221;transparent&#8221; border_style=&#8221;&#8221; up=&#8221;15&#8243; down=&#8221;0&#8243;][\/vc_column_inner][\/vc_row_inner][\/vc_column][\/vc_row][vc_row row_type=&#8221;row&#8221; use_row_as_full_screen_section=&#8221;no&#8221; type=&#8221;full_width&#8221; text_align=&#8221;left&#8221; background_animation=&#8221;none&#8221; css_animation=&#8221;&#8221; background_color=&#8221;#ffffff&#8221;][vc_column][vc_row_inner row_type=&#8221;row&#8221; type=&#8221;grid&#8221; use_row_as_full_screen_section_slide=&#8221;no&#8221; text_align=&#8221;left&#8221; padding_top=&#8221;65&#8243; css_animation=&#8221;&#8221;][vc_column_inner][vc_column_text]<\/p>\n<h5><strong>Mamy wieloletnie do\u015bwiadczenie w prowadzeniu nast\u0119puj\u0105cych rodzaj\u00f3w spraw s\u0105dowych:<\/strong><\/h5>\n<p>[\/vc_column_text][vc_separator type=&#8221;transparent&#8221; border_style=&#8221;&#8221; up=&#8221;15&#8243; down=&#8221;0&#8243;][vc_column_text]<\/p>\n<ol>\n<li><strong>spory z um\u00f3w handlowych<\/strong> \u2013 przyst\u0119puj\u0105c do prowadzenia sporu o charakterze gospodarczym, analizujemy przede wszystkim specyfik\u0119 bran\u017cy oraz za\u0142o\u017cenia biznesowe naszych klient\u00f3w; spory te obejmuj\u0105 m.in. spory zwi\u0105zane z niewykonaniem lub nienale\u017cytym wykonaniem um\u00f3w zawieranych w obrocie gospodarczym, spory dotycz\u0105ce realizacji um\u00f3w, spory o realizacj\u0119 zabezpiecze\u0144 zobowi\u0105za\u0144 umownych, spory o zap\u0142at\u0119, w tym o rozliczenie z wykonania zobowi\u0105za\u0144 umownych, kar umownych, zwrot nienale\u017cnych \u015bwiadcze\u0144 i uwzgl\u0119dnianie potr\u0105ce\u0144,<\/li>\n<li><strong>spory odszkodowawcze<\/strong> \u2013 oferujemy reprezentacj\u0119 w post\u0119powaniach o odszkodowanie i zado\u015b\u0107uczynienie z tytu\u0142u szk\u00f3d powsta\u0142ych we wszystkich dobrach prawnie chronionych,<\/li>\n<li><strong>spory budowlane<\/strong> \u2013 reprezentujemy naszych Klient\u00f3w w sporach dotycz\u0105cych realizacji inwestycji budowlanych, w szczeg\u00f3lno\u015bci w sporach pomi\u0119dzy inwestorami a wykonawcami rob\u00f3t budowlanych, w \u00a0sporach dotycz\u0105cych odpowiedzialno\u015bci inwestor\u00f3w i wykonawc\u00f3w wzgl\u0119dem podwykonawc\u00f3w, \u00a0w post\u0119powaniach s\u0105dowych zwi\u0105zanych z niewykonaniem b\u0105d\u017a nienale\u017cytym wykonaniem um\u00f3w zawartych przez podmiotu uczestnicz\u0105ce w procesie budowlanym,<\/li>\n<li><strong>spory dot. nieruchomo\u015bci <\/strong>&#8211; \u015bwiadczymy us\u0142ugi prawne dotycz\u0105ce spor\u00f3w wynikaj\u0105cych z um\u00f3w sprzeda\u017cy nieruchomo\u015bci, najmu, dzier\u017cawy, zniesienia wsp\u00f3\u0142w\u0142asno\u015bci nieruchomo\u015bci, zasiedzenia, s\u0142u\u017cebno\u015bci oraz odszkodowa\u0144 z tytu\u0142u bezumownego korzystania z nieruchomo\u015bci,<\/li>\n<li><strong>spory korporacyjne i spory wsp\u00f3lnik\u00f3w <\/strong>\u2013 reprezentujemy Klient\u00f3w w post\u0119powaniach wynikaj\u0105cych m.in. z konflikt\u00f3w pomi\u0119dzy wsp\u00f3lnikami sp\u00f3\u0142ki, jej organami oraz sam\u0105 sp\u00f3\u0142k\u0105. Oferujemy pomoc prawn\u0105 w rozwi\u0105zywaniu spor\u00f3w wewn\u0119trznych w sp\u00f3\u0142ce, jak r\u00f3wnie\u017c spor\u00f3w, kt\u00f3rych stron\u0105 jest by\u0142y wsp\u00f3lnik. Pomagamy w sprawach dotycz\u0105cych wy\u0142\u0105czenia wsp\u00f3lnika ze sp\u00f3\u0142ki, procesie wykupu akcjonariusza mniejszo\u015bciowego, dochodzenia nale\u017cno\u015bci od cz\u0142onk\u00f3w zarz\u0105du sp\u00f3\u0142ek handlowych, czy te\u017c w sporach powsta\u0142ych z uwagi na naruszenie zakazu konkurencji,<\/li>\n<li><strong>post\u0119powania restrukturyzacyjne i upad\u0142o\u015bciowe &#8211; <\/strong>pomagamy na ka\u017cdym etapie post\u0119powania \u2013 doradzamy w zakresie post\u0119powa\u0144 restrukturyzacyjnych oraz post\u0119powa\u0144 upad\u0142o\u015bciowych dla przedsi\u0119biorc\u00f3w niewyp\u0142acalnych lub zagro\u017conych niewyp\u0142acalno\u015bci\u0105 jak i wierzycieli dochodz\u0105cych swoich praw; analizujemy sytuacj\u0119 prawn\u0105 Klient\u00f3w pod k\u0105tem istnienia przes\u0142anek niewyp\u0142acalno\u015bci oraz zwi\u0105zanych z tym zagro\u017ce\u0144, w tym odpowiedzialno\u015bci organ\u00f3w przedsi\u0119biorcy; zajmujemy si\u0119 doradztwem oraz ochron\u0105 prawn\u0105 cz\u0142onk\u00f3w organ\u00f3w przedsi\u0119biorstw niewyp\u0142acalnych lub zagro\u017conych niewyp\u0142acalno\u015bci\u0105. oferujemy pomoc prawn\u0105 w zakresie sk\u0142adania wniosk\u00f3w o otwarcie post\u0119powania restrukturyzacyjnego lub og\u0142oszenie upad\u0142o\u015bci oraz reprezentujemy Klient\u00f3w w tych post\u0119powaniach; zapewniamy pomoc w przygotowaniu propozycji uk\u0142adowych, w tym ustaleniu zasad ich realizacji i finansowania, zapewniamy zast\u0119pstwo w trakcie post\u0119powa\u0144, w tych udzia\u0142 w Zgromadzeniach Wierzycieli, Radzie Wierzycieli oraz innych organach, reprezentujemy Klient\u00f3w w post\u0119powaniach dotycz\u0105cych upad\u0142o\u015bci konsumenckiej,<\/li>\n<li><strong>sprawy z zakresu prawa pracy<\/strong> \u2013 Kancelaria oferuje pomoc w sporach s\u0105dowych z zakresu prawa pracy; prowadzimy post\u0119powania na rzecz pracodawc\u00f3w, zar\u00f3wno w przypadku pozw\u00f3w kierowanych przez pracodawc\u00f3w w zwi\u0105zku z nieprawid\u0142owym wykonywaniem obowi\u0105zk\u00f3w pracowniczych, jak r\u00f3wnie\u017c w przypadku pozw\u00f3w, kt\u00f3re to pracownicy kieruj\u0105 przeciwko swoim pracodawcom, np. w zwi\u0105zku z dyscyplinarnym zwolnieniem z pracy; reprezentujemy Klient\u00f3w w sprawach o mobbing, nier\u00f3wne traktowanie i dyskryminacj\u0119 oraz wyp\u0142at\u0119 zaleg\u0142ego wynagrodzenia,<\/li>\n<li><strong>spory z udzia\u0142em sp\u00f3\u0142dzielni mieszkaniowych i wsp\u00f3lnot mieszkaniowych<\/strong> \u2013 m.in. sprawy zwi\u0105zane z cz\u0142onkostwem, zaskar\u017caniem uchwa\u0142 sp\u00f3\u0142dzielni\/wsp\u00f3lnot, sprawy o eksmisj\u0119, sprawy o zap\u0142at\u0119 op\u0142at eksploatacyjnych,<\/li>\n<li><strong>post\u0119powania z tzw. skargi paulia\u0144skiej &#8211;<\/strong> reprezentujemy Klient\u00f3w w post\u0119powaniach o uznanie za bezskuteczn\u0105 czynno\u015bci prawnej dokonanej z pokrzywdzeniem wierzyciela; \u00a0pomagamy r\u00f3wnie\u017c w ramach pow\u00f3dztw przeciwegzekucyjnych oraz skarg na czynno\u015bci komornik\u00f3w,<\/li>\n<li><strong>sprawy z zakresu osobistej odpowiedzialno\u015bci cz\u0142onka zarz\u0105du za zobowi\u0105zania sp\u00f3\u0142ki na podstawie art<\/strong>. <strong>299 kodeksu sp\u00f3\u0142ek handlowych.<\/strong><\/li>\n<\/ol>\n<p>[\/vc_column_text][vc_separator type=&#8221;transparent&#8221; border_style=&#8221;&#8221; up=&#8221;15&#8243; down=&#8221;0&#8243;][vc_column_text]<\/p>\n<h5><strong>Zach\u0119camy do skorzystania z us\u0142ug naszej Kancelarii i zapraszamy do kontaktu.<\/strong><\/h5>\n<p>[\/vc_column_text][\/vc_column_inner][\/vc_row_inner][vc_separator type=&#8221;transparent&#8221; border_style=&#8221;&#8221; up=&#8221;60&#8243; down=&#8221;0&#8243;][\/vc_column][\/vc_row]<\/p>\n","protected":false},"excerpt":{"rendered":"<p>[vc_row row_type=&#8221;row&#8221; use_row_as_full_screen_section=&#8221;no&#8221; type=&#8221;full_width&#8221; text_align=&#8221;left&#8221; background_animation=&#8221;none&#8221; css_animation=&#8221;&#8221; background_color=&#8221;#ffffff&#8221;][vc_column][vc_row_inner row_type=&#8221;row&#8221; type=&#8221;grid&#8221; use_row_as_full_screen_section_slide=&#8221;no&#8221; text_align=&#8221;left&#8221; padding_top=&#8221;50&#8243; css_animation=&#8221;&#8221;][vc_column_inner width=&#8221;1\/2&#8243;][vc_column_text][\/vc_column_text][vc_separator type=&#8221;transparent&#8221; border_style=&#8221;&#8221; up=&#8221;15&#8243; down=&#8221;0&#8243;][\/vc_column_inner][vc_column_inner width=&#8221;1\/2&#8243;][vc_column_text] PROCESY S\u0104DOWE [\/vc_column_text][vc_separator type=&#8221;transparent&#8221; border_style=&#8221;&#8221; up=&#8221;40&#8243; down=&#8221;0&#8243;][vc_column_text]Wsp\u00f3lnicy Kancelarii Radc\u00f3w Prawnych M. T. Marja\u0144scy s.c. od ponad 20 lat \u015bwiadcz\u0105 profesjonaln\u0105 pomoc prawn\u0105 w zakresie reprezentowania&#8230;<\/p>\n","protected":false},"author":1,"featured_media":0,"parent":19080,"menu_order":0,"comment_status":"closed","ping_status":"closed","template":"full_width.php","meta":{"footnotes":""},"class_list":["post-22014","page","type-page","status-publish","hentry"],"_links":{"self":[{"href":"https:\/\/mtmarjanscy.pl\/index.php?rest_route=\/wp\/v2\/pages\/22014","targetHints":{"allow":["GET"]}}],"collection":[{"href":"https:\/\/mtmarjanscy.pl\/index.php?rest_route=\/wp\/v2\/pages"}],"about":[{"href":"https:\/\/mtmarjanscy.pl\/index.php?rest_route=\/wp\/v2\/types\/page"}],"author":[{"embeddable":true,"href":"https:\/\/mtmarjanscy.pl\/index.php?rest_route=\/wp\/v2\/users\/1"}],"replies":[{"embeddable":true,"href":"https:\/\/mtmarjanscy.pl\/index.php?rest_route=%2Fwp%2Fv2%2Fcomments&post=22014"}],"version-history":[{"count":14,"href":"https:\/\/mtmarjanscy.pl\/index.php?rest_route=\/wp\/v2\/pages\/22014\/revisions"}],"predecessor-version":[{"id":22430,"href":"https:\/\/mtmarjanscy.pl\/index.php?rest_route=\/wp\/v2\/pages\/22014\/revisions\/22430"}],"up":[{"embeddable":true,"href":"https:\/\/mtmarjanscy.pl\/index.php?rest_route=\/wp\/v2\/pages\/19080"}],"wp:attachment":[{"href":"https:\/\/mtmarjanscy.pl\/index.php?rest_route=%2Fwp%2Fv2%2Fmedia&parent=22014"}],"curies":[{"name":"wp","href":"https:\/\/api.w.org\/{rel}","templated":true}]}}