{"id":22007,"date":"2022-11-20T22:04:39","date_gmt":"2022-11-20T21:04:39","guid":{"rendered":"https:\/\/serwer1760390.home.pl\/mecenas\/?page_id=22007"},"modified":"2023-01-25T12:49:19","modified_gmt":"2023-01-25T11:49:19","slug":"obsluga-prawna-wspolnot-mieszkanowych","status":"publish","type":"page","link":"https:\/\/mtmarjanscy.pl\/?page_id=22007","title":{"rendered":"OBS\u0141UGA PRAWNA WSP\u00d3LNOT MIESZKANOWYCH"},"content":{"rendered":"<p>[vc_row row_type=&#8221;row&#8221; use_row_as_full_screen_section=&#8221;no&#8221; type=&#8221;full_width&#8221; text_align=&#8221;left&#8221; background_animation=&#8221;none&#8221; css_animation=&#8221;&#8221; background_color=&#8221;#ffffff&#8221;][vc_column][vc_row_inner row_type=&#8221;row&#8221; type=&#8221;grid&#8221; use_row_as_full_screen_section_slide=&#8221;no&#8221; text_align=&#8221;left&#8221; padding_top=&#8221;50&#8243; css_animation=&#8221;&#8221;][vc_column_inner width=&#8221;1\/2&#8243;][vc_column_text]<img loading=\"lazy\" decoding=\"async\" class=\"alignnone wp-image-22325 size-full\" src=\"http:\/\/mtmarjanscy.pl\/wp-content\/uploads\/2023\/01\/2-1.jpg\" alt=\"\" width=\"1200\" height=\"800\" srcset=\"https:\/\/mtmarjanscy.pl\/wp-content\/uploads\/2023\/01\/2-1.jpg 1200w, https:\/\/mtmarjanscy.pl\/wp-content\/uploads\/2023\/01\/2-1-480x320.jpg 480w, https:\/\/mtmarjanscy.pl\/wp-content\/uploads\/2023\/01\/2-1-768x512.jpg 768w, https:\/\/mtmarjanscy.pl\/wp-content\/uploads\/2023\/01\/2-1-700x467.jpg 700w, https:\/\/mtmarjanscy.pl\/wp-content\/uploads\/2023\/01\/2-1-1100x733.jpg 1100w\" sizes=\"auto, (max-width: 1200px) 100vw, 1200px\" \/>[\/vc_column_text][vc_separator type=&#8221;transparent&#8221; border_style=&#8221;&#8221; up=&#8221;60&#8243; down=&#8221;0&#8243;][\/vc_column_inner][vc_column_inner width=&#8221;1\/2&#8243;][vc_column_text]<\/p>\n<h2>OBS\u0141UGA PRAWNA WSP\u00d3LNOT MIESZKANOWYCH<\/h2>\n<p>[\/vc_column_text][vc_separator type=&#8221;transparent&#8221; border_style=&#8221;&#8221; up=&#8221;40&#8243; down=&#8221;0&#8243;][vc_column_text]Kancelarii Radc\u00f3w Prawnych M. T. Marja\u0144scy s.c. \u015bwiadczy us\u0142ugi prawne w zakresie \u00a0kompleksowej\u00a0obs\u0142ugi prawnej wsp\u00f3lnot mieszkaniowych.<\/p>\n<p>&nbsp;<\/p>\n<p>Wsp\u00f3lnicy Kancelarii posiadaj\u0105 wieloletnie do\u015bwiadczenie w \u015bwiadczeniu pomocy prawnej z zakresu prawa lokalowego na rzecz wsp\u00f3lnot mieszkaniowych, bardzo dobrze znaj\u0105 praktyczne kwestie i problemy prawne, z kt\u00f3rymi wsp\u00f3lnoty mieszkaniowe stykaj\u0105 si\u0119 na co dzie\u0144.[\/vc_column_text][\/vc_column_inner][\/vc_row_inner][\/vc_column][\/vc_row][vc_row row_type=&#8221;row&#8221; use_row_as_full_screen_section=&#8221;no&#8221; type=&#8221;full_width&#8221; text_align=&#8221;left&#8221; background_animation=&#8221;none&#8221; padding_top=&#8221;30&#8243; padding_bottom=&#8221;30&#8243; css_animation=&#8221;&#8221; background_color=&#8221;#f5f5f5&#8243;][vc_column][vc_row_inner row_type=&#8221;row&#8221; type=&#8221;grid&#8221; use_row_as_full_screen_section_slide=&#8221;no&#8221; text_align=&#8221;left&#8221; css_animation=&#8221;&#8221;][vc_column_inner][vc_column_text]<\/p>\n<h5><strong>Obs\u0142uga prawna wsp\u00f3lnot mieszkaniowych obejmuje w szczeg\u00f3lno\u015bci:<\/strong><\/h5>\n<p>[\/vc_column_text][vc_separator type=&#8221;transparent&#8221; border_style=&#8221;&#8221; up=&#8221;15&#8243; down=&#8221;0&#8243;][vc_column_text]<\/p>\n<ol>\n<li>obs\u0142ug\u0119 prawn\u0105 zebra\u0144 wsp\u00f3lnoty mieszkaniowej,<\/li>\n<li>sporz\u0105dzanie regulamin\u00f3w, uchwa\u0142 wsp\u00f3lnoty, uchwa\u0142 zarz\u0105du,<\/li>\n<li>doradztwo w zakresie prawnych aspekt\u00f3w sprawowania zarz\u0105du nieruchomo\u015bci\u0105 wsp\u00f3ln\u0105,<\/li>\n<li>doradztwo w zakresie praw i obowi\u0105zk\u00f3w cz\u0142onk\u00f3w wsp\u00f3lnoty,<\/li>\n<li>sporz\u0105dzanie i opiniowanie um\u00f3w o administrowanie, um\u00f3w dzier\u017cawy i najmu, sprzeda\u017cy oraz um\u00f3w o dzie\u0142o i o roboty budowlane,<\/li>\n<li>bie\u017c\u0105ce doradztwo przy prowadzeniu przez wsp\u00f3lnot\u0119 mieszkaniow\u0105 inwestycji i remont\u00f3w,<\/li>\n<li>dochodzenie uprawnie\u0144 wynikaj\u0105cych z r\u0119kojmi i gwarancji i reprezentacja wsp\u00f3lnoty mieszkaniowej w sporach z deweloperami,<\/li>\n<li>reprezentacj\u0119 wsp\u00f3lnoty mieszkaniowej przed s\u0105dami powszechnymi, w szczeg\u00f3lno\u015bci w sprawach dotycz\u0105cych zaskar\u017cenia uchwa\u0142 wsp\u00f3lnoty mieszkaniowej, spor\u00f3w z wykonawcami rob\u00f3t budowlanych i us\u0142ugodawcami, spor\u00f3w z deweloperami, spraw dotycz\u0105cych nieruchomo\u015bci wsp\u00f3lnej, spraw o przymusow\u0105 sprzeda\u017c lokalu w drodze komorniczej licytacji.<\/li>\n<\/ol>\n<p>[\/vc_column_text][vc_separator type=&#8221;transparent&#8221; border_style=&#8221;&#8221; up=&#8221;15&#8243; down=&#8221;0&#8243;][vc_column_text]Powy\u017cej przedstawili\u015bmy jedynie przyk\u0142adowe i podstawowe us\u0142ugi prawne \u015bwiadczone przez Kancelari\u0119 Radc\u00f3w Prawnych M. T. Marja\u0144scy s.c. na rzecz wsp\u00f3lnot mieszkaniowych. Nasza oferta obejmuje tak\u017ce inne us\u0142ugi, kt\u00f3rych nie spos\u00f3b enumeratywnie wyliczy\u0107.[\/vc_column_text][\/vc_column_inner][\/vc_row_inner][\/vc_column][\/vc_row][vc_row row_type=&#8221;row&#8221; use_row_as_full_screen_section=&#8221;no&#8221; type=&#8221;full_width&#8221; text_align=&#8221;left&#8221; background_animation=&#8221;none&#8221; css_animation=&#8221;&#8221; background_color=&#8221;#ffffff&#8221;][vc_column][vc_row_inner row_type=&#8221;row&#8221; type=&#8221;grid&#8221; use_row_as_full_screen_section_slide=&#8221;no&#8221; text_align=&#8221;left&#8221; padding_top=&#8221;65&#8243; css_animation=&#8221;&#8221;][vc_column_inner][vc_column_text]<\/p>\n<h5><strong>Zach\u0119camy do skorzystania z us\u0142ug naszej Kancelarii i zapraszamy do kontaktu.<\/strong><\/h5>\n<p>[\/vc_column_text][\/vc_column_inner][\/vc_row_inner][vc_separator type=&#8221;transparent&#8221; border_style=&#8221;&#8221; up=&#8221;60&#8243; down=&#8221;0&#8243;][\/vc_column][\/vc_row]<\/p>\n","protected":false},"excerpt":{"rendered":"<p>[vc_row row_type=&#8221;row&#8221; use_row_as_full_screen_section=&#8221;no&#8221; type=&#8221;full_width&#8221; text_align=&#8221;left&#8221; background_animation=&#8221;none&#8221; css_animation=&#8221;&#8221; background_color=&#8221;#ffffff&#8221;][vc_column][vc_row_inner row_type=&#8221;row&#8221; type=&#8221;grid&#8221; use_row_as_full_screen_section_slide=&#8221;no&#8221; text_align=&#8221;left&#8221; padding_top=&#8221;50&#8243; css_animation=&#8221;&#8221;][vc_column_inner width=&#8221;1\/2&#8243;][vc_column_text][\/vc_column_text][vc_separator type=&#8221;transparent&#8221; border_style=&#8221;&#8221; up=&#8221;60&#8243; down=&#8221;0&#8243;][\/vc_column_inner][vc_column_inner width=&#8221;1\/2&#8243;][vc_column_text] OBS\u0141UGA PRAWNA WSP\u00d3LNOT MIESZKANOWYCH [\/vc_column_text][vc_separator type=&#8221;transparent&#8221; border_style=&#8221;&#8221; up=&#8221;40&#8243; down=&#8221;0&#8243;][vc_column_text]Kancelarii Radc\u00f3w Prawnych M. T. Marja\u0144scy s.c. \u015bwiadczy us\u0142ugi prawne w zakresie \u00a0kompleksowej\u00a0obs\u0142ugi prawnej wsp\u00f3lnot mieszkaniowych. &nbsp;&#8230;<\/p>\n","protected":false},"author":1,"featured_media":0,"parent":19080,"menu_order":0,"comment_status":"closed","ping_status":"closed","template":"full_width.php","meta":{"footnotes":""},"class_list":["post-22007","page","type-page","status-publish","hentry"],"_links":{"self":[{"href":"https:\/\/mtmarjanscy.pl\/index.php?rest_route=\/wp\/v2\/pages\/22007","targetHints":{"allow":["GET"]}}],"collection":[{"href":"https:\/\/mtmarjanscy.pl\/index.php?rest_route=\/wp\/v2\/pages"}],"about":[{"href":"https:\/\/mtmarjanscy.pl\/index.php?rest_route=\/wp\/v2\/types\/page"}],"author":[{"embeddable":true,"href":"https:\/\/mtmarjanscy.pl\/index.php?rest_route=\/wp\/v2\/users\/1"}],"replies":[{"embeddable":true,"href":"https:\/\/mtmarjanscy.pl\/index.php?rest_route=%2Fwp%2Fv2%2Fcomments&post=22007"}],"version-history":[{"count":9,"href":"https:\/\/mtmarjanscy.pl\/index.php?rest_route=\/wp\/v2\/pages\/22007\/revisions"}],"predecessor-version":[{"id":22428,"href":"https:\/\/mtmarjanscy.pl\/index.php?rest_route=\/wp\/v2\/pages\/22007\/revisions\/22428"}],"up":[{"embeddable":true,"href":"https:\/\/mtmarjanscy.pl\/index.php?rest_route=\/wp\/v2\/pages\/19080"}],"wp:attachment":[{"href":"https:\/\/mtmarjanscy.pl\/index.php?rest_route=%2Fwp%2Fv2%2Fmedia&parent=22007"}],"curies":[{"name":"wp","href":"https:\/\/api.w.org\/{rel}","templated":true}]}}