{"id":22002,"date":"2022-11-20T21:45:21","date_gmt":"2022-11-20T20:45:21","guid":{"rendered":"https:\/\/serwer1760390.home.pl\/mecenas\/?page_id=22002"},"modified":"2023-01-25T12:46:26","modified_gmt":"2023-01-25T11:46:26","slug":"obsluga-prawna-spoldzieli-mieszkaniowych","status":"publish","type":"page","link":"https:\/\/mtmarjanscy.pl\/?page_id=22002","title":{"rendered":"OBS\u0141UGA PRAWNA SP\u00d3\u0141DZIELI MIESZKANIOWYCH"},"content":{"rendered":"<p>[vc_row row_type=&#8221;row&#8221; use_row_as_full_screen_section=&#8221;no&#8221; type=&#8221;full_width&#8221; text_align=&#8221;left&#8221; background_animation=&#8221;none&#8221; css_animation=&#8221;&#8221; background_color=&#8221;#ffffff&#8221;][vc_column][vc_row_inner row_type=&#8221;row&#8221; type=&#8221;grid&#8221; use_row_as_full_screen_section_slide=&#8221;no&#8221; text_align=&#8221;left&#8221; padding_top=&#8221;50&#8243; css_animation=&#8221;&#8221;][vc_column_inner width=&#8221;1\/2&#8243;][vc_column_text]<img loading=\"lazy\" decoding=\"async\" class=\"alignnone wp-image-22323 size-full\" src=\"http:\/\/mtmarjanscy.pl\/wp-content\/uploads\/2023\/01\/3-1.jpg\" alt=\"\" width=\"1200\" height=\"800\" srcset=\"https:\/\/mtmarjanscy.pl\/wp-content\/uploads\/2023\/01\/3-1.jpg 1200w, https:\/\/mtmarjanscy.pl\/wp-content\/uploads\/2023\/01\/3-1-480x320.jpg 480w, https:\/\/mtmarjanscy.pl\/wp-content\/uploads\/2023\/01\/3-1-768x512.jpg 768w, https:\/\/mtmarjanscy.pl\/wp-content\/uploads\/2023\/01\/3-1-700x467.jpg 700w, https:\/\/mtmarjanscy.pl\/wp-content\/uploads\/2023\/01\/3-1-1100x733.jpg 1100w\" sizes=\"auto, (max-width: 1200px) 100vw, 1200px\" \/>[\/vc_column_text][vc_separator type=&#8221;transparent&#8221; border_style=&#8221;&#8221; up=&#8221;60&#8243; down=&#8221;0&#8243;][\/vc_column_inner][vc_column_inner width=&#8221;1\/2&#8243;][vc_separator type=&#8221;transparent&#8221; border_style=&#8221;&#8221; up=&#8221;60&#8243; down=&#8221;0&#8243;][vc_column_text]<\/p>\n<h2>OBS\u0141UGA PRAWNA SP\u00d3\u0141DZIELI MIESZKANIOWYCH<\/h2>\n<p>[\/vc_column_text][vc_separator type=&#8221;transparent&#8221; border_style=&#8221;&#8221; up=&#8221;40&#8243; down=&#8221;0&#8243;][vc_column_text]Kluczow\u0105 specjalizacj\u0105 Kancelarii Radc\u00f3w Prawnych M. T. Marja\u0144scy s.c. jest kompleksowa\u00a0obs\u0142uga prawna sp\u00f3\u0142dzielni\u00a0mieszkaniowych.<\/p>\n<p>Wsp\u00f3lnicy Kancelarii posiadaj\u0105 20-letnie do\u015bwiadczenie w \u015bwiadczeniu pomocy prawnej z zakresu prawa sp\u00f3\u0142dzielczego na rzecz sp\u00f3\u0142dzielni mieszkaniowych, bardzo dobrze znaj\u0105 praktyczne kwestie i problemy prawne, z kt\u00f3rymi sp\u00f3\u0142dzielnie mieszkaniowe stykaj\u0105 si\u0119 na co dzie\u0144.[\/vc_column_text][\/vc_column_inner][\/vc_row_inner][\/vc_column][\/vc_row][vc_row row_type=&#8221;row&#8221; use_row_as_full_screen_section=&#8221;no&#8221; type=&#8221;full_width&#8221; text_align=&#8221;left&#8221; background_animation=&#8221;none&#8221; padding_top=&#8221;30&#8243; padding_bottom=&#8221;30&#8243; css_animation=&#8221;&#8221; background_color=&#8221;#f5f5f5&#8243;][vc_column][vc_row_inner row_type=&#8221;row&#8221; type=&#8221;grid&#8221; use_row_as_full_screen_section_slide=&#8221;no&#8221; text_align=&#8221;left&#8221; css_animation=&#8221;&#8221;][vc_column_inner][vc_column_text]<\/p>\n<h5><strong>Obs\u0142uga prawna sp\u00f3\u0142dzielni mieszkaniowych obejmuje w szczeg\u00f3lno\u015bci:<\/strong><\/h5>\n<p>[\/vc_column_text][vc_separator type=&#8221;transparent&#8221; border_style=&#8221;&#8221; up=&#8221;15&#8243; down=&#8221;0&#8243;][vc_column_text]<\/p>\n<ol>\n<li>tworzenie sp\u00f3\u0142dzielni mieszkaniowych, w tym przygotowanie statutu oraz rejestracj\u0119 w Krajowym Rejestrze S\u0105dowym,<\/li>\n<li>badanie i regulacj\u0119 stanu prawnego grunt\u00f3w sp\u00f3\u0142dzielni,<\/li>\n<li>obs\u0142ug\u0119 inwestycji budowlanych sp\u00f3\u0142dzielni mieszkaniowych,<\/li>\n<li>zawieranie z cz\u0142onkami um\u00f3w o ustanowienie sp\u00f3\u0142dzielczego lokatorskiego prawa do lokalu, um\u00f3w o budow\u0119 lokalu, um\u00f3w o ustanowienie odr\u0119bnej w\u0142asno\u015bci lokalu,<\/li>\n<li>obs\u0142ug\u0119 procesu przekszta\u0142cania praw sp\u00f3\u0142dzielczych w prawo w\u0142asno\u015bci (w tym sporz\u0105dzanie um\u00f3w),<\/li>\n<li>bie\u017c\u0105c\u0105 obs\u0142ug\u0119 prawn\u0105 sp\u00f3\u0142dzielni i jej organ\u00f3w, w tym w szczeg\u00f3lno\u015bci sprawy cz\u0142onkowskie, opracowywanie i analiza dokument\u00f3w (np. statutu i regulamin\u00f3w), opiniowanie um\u00f3w, porozumie\u0144, ug\u00f3d zawieranych przez sp\u00f3\u0142dzielnie, uczestnictwo w negocjacjach, obs\u0142uga Walnych Zgromadze\u0144 oraz posiedze\u0144 Zarz\u0105du i Rady Nadzorczej,<\/li>\n<li>reprezentowanie sp\u00f3\u0142dzielni w post\u0119powaniach s\u0105dowych, w tym w sprawach cywilnych, pracowniczych, zwi\u0105zanych z cz\u0142onkostwem, zaskar\u017caniem uchwa\u0142 sp\u00f3\u0142dzielni,<\/li>\n<li>obs\u0142uga prawna spraw administracyjnych, w tym przed s\u0105dami administracyjnymi, spraw z zakresu prawa zagospodarowania przestrzennego i prawa budowlanego.<\/li>\n<\/ol>\n<p>[\/vc_column_text][vc_separator type=&#8221;transparent&#8221; border_style=&#8221;&#8221; up=&#8221;15&#8243; down=&#8221;0&#8243;][vc_column_text]Powy\u017cej przedstawili\u015bmy jedynie przyk\u0142adowe i podstawowe us\u0142ugi prawne \u015bwiadczone przez Kancelari\u0119 Radc\u00f3w Prawnych M. T. Marja\u0144scy s.c. na rzecz sp\u00f3\u0142dzielni mieszkaniowych. Nasza oferta obejmuje tak\u017ce inne us\u0142ugi, kt\u00f3rych nie spos\u00f3b enumeratywnie wyliczy\u0107.[\/vc_column_text][\/vc_column_inner][\/vc_row_inner][\/vc_column][\/vc_row][vc_row row_type=&#8221;row&#8221; use_row_as_full_screen_section=&#8221;no&#8221; type=&#8221;full_width&#8221; text_align=&#8221;left&#8221; background_animation=&#8221;none&#8221; css_animation=&#8221;&#8221; background_color=&#8221;#ffffff&#8221;][vc_column][vc_row_inner row_type=&#8221;row&#8221; type=&#8221;grid&#8221; use_row_as_full_screen_section_slide=&#8221;no&#8221; text_align=&#8221;left&#8221; padding_top=&#8221;65&#8243; css_animation=&#8221;&#8221;][vc_column_inner][vc_column_text]<\/p>\n<h5><strong>Zach\u0119camy do skorzystania z us\u0142ug naszej Kancelarii i zapraszamy do kontaktu.<\/strong><\/h5>\n<p>[\/vc_column_text][\/vc_column_inner][\/vc_row_inner][vc_separator type=&#8221;transparent&#8221; border_style=&#8221;&#8221; up=&#8221;60&#8243; down=&#8221;0&#8243;][\/vc_column][\/vc_row]<\/p>\n","protected":false},"excerpt":{"rendered":"<p>[vc_row row_type=&#8221;row&#8221; use_row_as_full_screen_section=&#8221;no&#8221; type=&#8221;full_width&#8221; text_align=&#8221;left&#8221; background_animation=&#8221;none&#8221; css_animation=&#8221;&#8221; background_color=&#8221;#ffffff&#8221;][vc_column][vc_row_inner row_type=&#8221;row&#8221; type=&#8221;grid&#8221; use_row_as_full_screen_section_slide=&#8221;no&#8221; text_align=&#8221;left&#8221; padding_top=&#8221;50&#8243; css_animation=&#8221;&#8221;][vc_column_inner width=&#8221;1\/2&#8243;][vc_column_text][\/vc_column_text][vc_separator type=&#8221;transparent&#8221; border_style=&#8221;&#8221; up=&#8221;60&#8243; down=&#8221;0&#8243;][\/vc_column_inner][vc_column_inner width=&#8221;1\/2&#8243;][vc_separator type=&#8221;transparent&#8221; border_style=&#8221;&#8221; up=&#8221;60&#8243; down=&#8221;0&#8243;][vc_column_text] OBS\u0141UGA PRAWNA SP\u00d3\u0141DZIELI MIESZKANIOWYCH [\/vc_column_text][vc_separator type=&#8221;transparent&#8221; border_style=&#8221;&#8221; up=&#8221;40&#8243; down=&#8221;0&#8243;][vc_column_text]Kluczow\u0105 specjalizacj\u0105 Kancelarii Radc\u00f3w Prawnych M. T. Marja\u0144scy s.c. jest kompleksowa\u00a0obs\u0142uga prawna sp\u00f3\u0142dzielni\u00a0mieszkaniowych&#8230;.<\/p>\n","protected":false},"author":1,"featured_media":0,"parent":19080,"menu_order":0,"comment_status":"closed","ping_status":"closed","template":"full_width.php","meta":{"footnotes":""},"class_list":["post-22002","page","type-page","status-publish","hentry"],"_links":{"self":[{"href":"https:\/\/mtmarjanscy.pl\/index.php?rest_route=\/wp\/v2\/pages\/22002","targetHints":{"allow":["GET"]}}],"collection":[{"href":"https:\/\/mtmarjanscy.pl\/index.php?rest_route=\/wp\/v2\/pages"}],"about":[{"href":"https:\/\/mtmarjanscy.pl\/index.php?rest_route=\/wp\/v2\/types\/page"}],"author":[{"embeddable":true,"href":"https:\/\/mtmarjanscy.pl\/index.php?rest_route=\/wp\/v2\/users\/1"}],"replies":[{"embeddable":true,"href":"https:\/\/mtmarjanscy.pl\/index.php?rest_route=%2Fwp%2Fv2%2Fcomments&post=22002"}],"version-history":[{"count":10,"href":"https:\/\/mtmarjanscy.pl\/index.php?rest_route=\/wp\/v2\/pages\/22002\/revisions"}],"predecessor-version":[{"id":22426,"href":"https:\/\/mtmarjanscy.pl\/index.php?rest_route=\/wp\/v2\/pages\/22002\/revisions\/22426"}],"up":[{"embeddable":true,"href":"https:\/\/mtmarjanscy.pl\/index.php?rest_route=\/wp\/v2\/pages\/19080"}],"wp:attachment":[{"href":"https:\/\/mtmarjanscy.pl\/index.php?rest_route=%2Fwp%2Fv2%2Fmedia&parent=22002"}],"curies":[{"name":"wp","href":"https:\/\/api.w.org\/{rel}","templated":true}]}}