{"id":20631,"date":"2014-07-09T07:52:09","date_gmt":"2014-07-09T07:52:09","guid":{"rendered":"http:\/\/demo.select-themes.com\/stockholm2\/?page_id=20631"},"modified":"2026-04-08T12:49:28","modified_gmt":"2026-04-08T10:49:28","slug":"home-business","status":"publish","type":"page","link":"https:\/\/mtmarjanscy.pl\/","title":{"rendered":"Strona g\u0142\u00f3wna"},"content":{"rendered":"<p>[vc_row row_type=&#8221;row&#8221; use_row_as_full_screen_section=&#8221;no&#8221; type=&#8221;full_width&#8221; text_align=&#8221;left&#8221; background_animation=&#8221;none&#8221; background_color=&#8221;#ffffff&#8221;][vc_column][vc_row_inner row_type=&#8221;row&#8221; type=&#8221;grid&#8221; use_row_as_full_screen_section_slide=&#8221;no&#8221; text_align=&#8221;left&#8221; padding_top=&#8221;40&#8243; padding_bottom=&#8221;20&#8243; css_animation=&#8221;&#8221; background_color=&#8221;#ffffff&#8221;][vc_column_inner][vc_column_text]<\/p>\n<h2><strong>Kancelaria Radc\u00f3w Prawnych M. T. Marja\u0144scy s.c.<\/strong><\/h2>\n<p>[\/vc_column_text][vc_separator type=&#8221;transparent&#8221; border_style=&#8221;&#8221; up=&#8221;35&#8243; down=&#8221;0&#8243;][vc_column_text]<\/p>\n<h4>Jest polsk\u0105 kancelari\u0105, kt\u00f3ra zosta\u0142a powo\u0142ana do \u017cycia w 2009 roku przez wsp\u00f3lnik\u00f3w: radc\u0119 prawnego Magdalen\u0119 Marja\u0144sk\u0105 i radc\u0119 prawnego Tomasza Marja\u0144skiego. Wsp\u00f3lnicy Kancelarii, kt\u00f3rzy wykonuj\u0105 zaw\u00f3d radcy prawnego od ponad 20 lat, posiadaj\u0105 du\u017c\u0105 wiedz\u0119 oraz bogate do\u015bwiadczenie w kluczowych dziedzinach prawa.<\/h4>\n<p>[\/vc_column_text][\/vc_column_inner][\/vc_row_inner][vc_row_inner row_type=&#8221;row&#8221; type=&#8221;full_width&#8221; use_row_as_full_screen_section_slide=&#8221;no&#8221; text_align=&#8221;left&#8221; padding_top=&#8221;20&#8243; padding_bottom=&#8221;20&#8243; css_animation=&#8221;&#8221; background_color=&#8221;#ffffff&#8221;][vc_column_inner]<div class=\"call_to_action normal\" style=\"background-color: #f5f5f5;\"><div class=\"container_inner\"><div class=\"two_columns_75_25 clearfix\"><div class=\"text_wrapper column1\"><div class=\"call_to_action_text\" style=\"\"><\/div><\/div><div class=\"button_wrapper column2\"><a href=\"https:\/\/mtmarjanscy.pl\/?page_id=18859\" class=\"qbutton large\" target=\"_self\" style=\"color:#ffffff;border-color:#425e8e;background-color: #425e8e;\" data-hover-background-color=#a7a6a6  data-hover-border-color=#a7a6a6  data-hover-color=#ffffff>CZYTAJ WI\u0118CEJ O KANCELARII<\/a><\/div><\/div><\/div><\/div>[\/vc_column_inner][\/vc_row_inner][\/vc_column][\/vc_row][vc_row row_type=&#8221;row&#8221; use_row_as_full_screen_section=&#8221;no&#8221; type=&#8221;full_width&#8221; text_align=&#8221;left&#8221; background_animation=&#8221;none&#8221; background_color=&#8221;#ffffff&#8221;][vc_column][vc_row_inner row_type=&#8221;row&#8221; type=&#8221;grid&#8221; use_row_as_full_screen_section_slide=&#8221;no&#8221; text_align=&#8221;left&#8221; padding_top=&#8221;50&#8243; padding_bottom=&#8221;10&#8243; css_animation=&#8221;&#8221;][vc_column_inner width=&#8221;1\/4&#8243;]<div class='image_hover ' style='' data-transition-delay=''><div class='images_holder'><a href='https:\/\/mtmarjanscy.pl\/?page_id=21986' target='_self'><img class='active_image ' src='https:\/\/mtmarjanscy.pl\/wp-content\/uploads\/2023\/01\/1a.jpg' alt='' style='' \/><img class='hover_image' src='https:\/\/mtmarjanscy.pl\/wp-content\/uploads\/2023\/01\/1b-2.jpg' alt='' style='' \/><\/a><\/div><\/div>[\/vc_column_inner][vc_column_inner width=&#8221;1\/4&#8243;]<div class='image_hover ' style='' data-transition-delay=''><div class='images_holder'><a href='https:\/\/mtmarjanscy.pl\/?page_id=21998' target='_self'><img class='active_image ' src='https:\/\/mtmarjanscy.pl\/wp-content\/uploads\/2023\/01\/2a.jpg' alt='' style='' \/><img class='hover_image' src='https:\/\/mtmarjanscy.pl\/wp-content\/uploads\/2023\/01\/2b-1.jpg' alt='' style='' \/><\/a><\/div><\/div>[\/vc_column_inner][vc_column_inner width=&#8221;1\/4&#8243;]<div class='image_hover ' style='' data-transition-delay=''><div class='images_holder'><a href='https:\/\/mtmarjanscy.pl\/?page_id=22002' target='_self'><img class='active_image ' src='https:\/\/mtmarjanscy.pl\/wp-content\/uploads\/2023\/01\/3a-2.jpg' alt='' style='' \/><img class='hover_image' src='https:\/\/mtmarjanscy.pl\/wp-content\/uploads\/2023\/01\/3b-1.jpg' alt='' style='' \/><\/a><\/div><\/div>[\/vc_column_inner][vc_column_inner width=&#8221;1\/4&#8243;]<div class='image_hover ' style='' data-transition-delay=''><div class='images_holder'><a href='https:\/\/mtmarjanscy.pl\/?page_id=22007' target='_self'><img class='active_image ' src='https:\/\/mtmarjanscy.pl\/wp-content\/uploads\/2023\/01\/4a.jpg' alt='' style='' \/><img class='hover_image' src='https:\/\/mtmarjanscy.pl\/wp-content\/uploads\/2023\/01\/4b-1.jpg' alt='' style='' \/><\/a><\/div><\/div>[\/vc_column_inner][\/vc_row_inner][vc_row_inner row_type=&#8221;row&#8221; type=&#8221;grid&#8221; use_row_as_full_screen_section_slide=&#8221;no&#8221; text_align=&#8221;left&#8221; padding_top=&#8221;10&#8243; padding_bottom=&#8221;50&#8243; css_animation=&#8221;&#8221;][vc_column_inner width=&#8221;1\/4&#8243;]<div class='image_hover ' style='' data-transition-delay=''><div class='images_holder'><a href='https:\/\/mtmarjanscy.pl\/?page_id=22011' target='_self'><img class='active_image ' src='https:\/\/mtmarjanscy.pl\/wp-content\/uploads\/2023\/01\/5a.jpg' alt='' style='' \/><img class='hover_image' src='https:\/\/mtmarjanscy.pl\/wp-content\/uploads\/2023\/01\/5b-1.jpg' alt='' style='' \/><\/a><\/div><\/div>[\/vc_column_inner][vc_column_inner width=&#8221;1\/4&#8243;]<div class='image_hover ' style='' data-transition-delay=''><div class='images_holder'><a href='https:\/\/mtmarjanscy.pl\/?page_id=22014' target='_self'><img class='active_image ' src='https:\/\/mtmarjanscy.pl\/wp-content\/uploads\/2023\/01\/6a-2.jpg' alt='' style='' \/><img class='hover_image' src='https:\/\/mtmarjanscy.pl\/wp-content\/uploads\/2023\/01\/6b-1.jpg' alt='' style='' \/><\/a><\/div><\/div>[\/vc_column_inner][vc_column_inner width=&#8221;1\/4&#8243;]<div class='image_hover ' style='' data-transition-delay=''><div class='images_holder'><a href='https:\/\/mtmarjanscy.pl\/?page_id=22023' target='_self'><img class='active_image ' src='https:\/\/mtmarjanscy.pl\/wp-content\/uploads\/2023\/01\/7a.jpg' alt='' style='' \/><img class='hover_image' src='https:\/\/mtmarjanscy.pl\/wp-content\/uploads\/2023\/01\/7b-1.jpg' alt='' style='' \/><\/a><\/div><\/div>[\/vc_column_inner][vc_column_inner width=&#8221;1\/4&#8243;]<div class='image_hover ' style='' data-transition-delay=''><div class='images_holder'><a href='https:\/\/mtmarjanscy.pl\/?page_id=22170' target='_self'><img class='active_image ' src='https:\/\/mtmarjanscy.pl\/wp-content\/uploads\/2023\/01\/8a-2.jpg' alt='' style='' \/><img class='hover_image' src='https:\/\/mtmarjanscy.pl\/wp-content\/uploads\/2023\/01\/8b-1.jpg' alt='' style='' \/><\/a><\/div><\/div>[\/vc_column_inner][\/vc_row_inner][\/vc_column][\/vc_row][vc_row row_type=&#8221;row&#8221; use_row_as_full_screen_section=&#8221;no&#8221; type=&#8221;full_width&#8221; text_align=&#8221;left&#8221; background_animation=&#8221;none&#8221; background_color=&#8221;#ffffff&#8221;][vc_column][vc_row_inner row_type=&#8221;row&#8221; type=&#8221;grid&#8221; use_row_as_full_screen_section_slide=&#8221;no&#8221; text_align=&#8221;left&#8221; padding_top=&#8221;100&#8243; padding_bottom=&#8221;60&#8243; css_animation=&#8221;&#8221; background_color=&#8221;#ffffff&#8221;][vc_column_inner width=&#8221;1\/2&#8243;][vc_column_text]<\/p>\n<h5>Radcowie Prawni Kancelarii \u015bwiadcz\u0105 us\u0142ugi prawne na rzecz os\u00f3b fizycznych i prawnych polegaj\u0105ce w szczeg\u00f3lno\u015bci na:<\/h5>\n<p>[\/vc_column_text][vc_separator type=&#8221;transparent&#8221; border_style=&#8221;&#8221; up=&#8221;22&#8243; down=&#8221;0&#8243;][vc_separator type=&#8221;transparent&#8221; border_style=&#8221;&#8221; up=&#8221;25&#8243; down=&#8221;0&#8243;][vc_separator type=&#8221;transparent&#8221; border_style=&#8221;&#8221; up=&#8221;25&#8243; down=&#8221;0&#8243;][vc_separator type=&#8221;transparent&#8221; border_style=&#8221;&#8221; up=&#8221;40&#8243; down=&#8221;0&#8243;][vc_separator type=&#8221;transparent&#8221; border_style=&#8221;&#8221; up=&#8221;40&#8243; down=&#8221;0&#8243;][vc_separator type=&#8221;transparent&#8221; border_style=&#8221;&#8221; up=&#8221;40&#8243; down=&#8221;0&#8243;][vc_separator type=&#8221;transparent&#8221; border_style=&#8221;&#8221; up=&#8221;40&#8243; down=&#8221;0&#8243;][\/vc_column_inner][vc_column_inner width=&#8221;1\/2&#8243;][vc_column_text]<img loading=\"lazy\" decoding=\"async\" class=\"alignnone wp-image-22304 size-full\" src=\"http:\/\/mtmarjanscy.pl\/wp-content\/uploads\/2023\/01\/image1.png\" alt=\"\" width=\"1859\" height=\"1775\" srcset=\"https:\/\/mtmarjanscy.pl\/wp-content\/uploads\/2023\/01\/image1.png 1859w, https:\/\/mtmarjanscy.pl\/wp-content\/uploads\/2023\/01\/image1-480x458.png 480w, https:\/\/mtmarjanscy.pl\/wp-content\/uploads\/2023\/01\/image1-1200x1146.png 1200w, https:\/\/mtmarjanscy.pl\/wp-content\/uploads\/2023\/01\/image1-768x733.png 768w, https:\/\/mtmarjanscy.pl\/wp-content\/uploads\/2023\/01\/image1-1536x1467.png 1536w, https:\/\/mtmarjanscy.pl\/wp-content\/uploads\/2023\/01\/image1-700x668.png 700w, https:\/\/mtmarjanscy.pl\/wp-content\/uploads\/2023\/01\/image1-1100x1050.png 1100w\" sizes=\"auto, (max-width: 1859px) 100vw, 1859px\" \/>[\/vc_column_text][\/vc_column_inner][\/vc_row_inner][\/vc_column][\/vc_row][vc_row row_type=&#8221;row&#8221; use_row_as_full_screen_section=&#8221;no&#8221; type=&#8221;full_width&#8221; text_align=&#8221;left&#8221; background_animation=&#8221;none&#8221; padding_top=&#8221;10&#8243; padding_bottom=&#8221;10&#8243; background_color=&#8221;#f5f5f5&#8243;][vc_column][vc_row_inner row_type=&#8221;row&#8221; type=&#8221;grid&#8221; use_row_as_full_screen_section_slide=&#8221;no&#8221; text_align=&#8221;left&#8221; css_animation=&#8221;&#8221;][vc_column_inner width=&#8221;3\/5&#8243;][vc_separator type=&#8221;transparent&#8221; border_style=&#8221;&#8221; up=&#8221;60&#8243; down=&#8221;0&#8243;][vc_raw_html]JTNDaWZyYW1lJTIwc3JjJTNEJTIyaHR0cHMlM0ElMkYlMkZ3d3cuZ29vZ2xlLmNvbSUyRm1hcHMlMkZlbWJlZCUzRnBiJTNEJTIxMW0xNCUyMTFtOCUyMTFtMyUyMTFkNDg5MC4wNTM3NjEzNjI3NDclMjEyZDIxLjAyMjAwMSUyMTNkNTIuMjA2NTU5JTIxM20yJTIxMWkxMDI0JTIxMmk3NjglMjE0ZjEzLjElMjEzbTMlMjExbTIlMjExczB4MCUyNTNBMHhlNzFjYWJiMjVhMzkyNzExJTIxMnNLYW5jZWxhcmlhJTI1MjBSYWRjJTI1QzMlMjVCM3clMjUyMFByYXdueWNoJTI1MjBNLlQuJTI1MjBNYXJqYSUyNUM1JTI1ODRzY3klMjE1ZTAlMjEzbTIlMjExc3BsJTIxMnNwbCUyMTR2MTY3Mzk5MDYzNDIxMSUyMTVtMiUyMTFzcGwlMjEyc3BsJTIyJTIwd2lkdGglM0QlMjI2MDAlMjIlMjBoZWlnaHQlM0QlMjIzODAlMjIlMjBzdHlsZSUzRCUyMmJvcmRlciUzQTAlM0IlMjIlMjBhbGxvd2Z1bGxzY3JlZW4lM0QlMjIlMjIlMjBsb2FkaW5nJTNEJTIybGF6eSUyMiUyMHJlZmVycmVycG9saWN5JTNEJTIybm8tcmVmZXJyZXItd2hlbi1kb3duZ3JhZGUlMjIlM0UlM0MlMkZpZnJhbWUlM0U=[\/vc_raw_html][vc_separator type=&#8221;transparent&#8221; border_style=&#8221;&#8221; up=&#8221;60&#8243; down=&#8221;0&#8243;][\/vc_column_inner][vc_column_inner width=&#8221;2\/5&#8243;][vc_separator type=&#8221;transparent&#8221; border_style=&#8221;&#8221; up=&#8221;60&#8243; down=&#8221;0&#8243;][vc_column_text]<\/p>\n<h3>ZAPRASZAMY DO KONTAKTU<\/h3>\n<p>[\/vc_column_text][vc_separator type=&#8221;transparent&#8221; border_style=&#8221;&#8221; up=&#8221;40&#8243; down=&#8221;0&#8243;][vc_column_text]<strong>Kancelaria Radc\u00f3w Prawnych M.T. Marja\u0144scy s.c. <\/strong><br \/>\nAleja Rzeczypospolitej 2 lok. 115<br \/>\n02-972 Warszawa[\/vc_column_text][vc_separator type=&#8221;transparent&#8221; border_style=&#8221;&#8221; up=&#8221;40&#8243; down=&#8221;0&#8243;][vc_column_text]tel. <a href=\"tel:48-501-426-372\">+ 48 501 426 372<\/a><br \/>\nkom. <a href=\"tel:48-500-115-987\">+ 48 500 115 987<\/a><\/p>\n<p>e-mail: <a href=\"mailto:kancelaria@mtmarjanscy.pl\">kancelaria@mtmarjanscy.pl<\/a>[\/vc_column_text][vc_column_text]<strong>NIP <\/strong>521-354-02-08<br \/>\n<strong>REGON <\/strong>142003764[\/vc_column_text][vc_separator type=&#8221;transparent&#8221; border_style=&#8221;&#8221; up=&#8221;40&#8243; down=&#8221;0&#8243;][vc_column_text]<strong>Rachunek bankowy: <\/strong>56 1020 4900 0000 8102 3387 9110[\/vc_column_text][vc_separator type=&#8221;transparent&#8221; border_style=&#8221;&#8221; up=&#8221;60&#8243; down=&#8221;0&#8243;][\/vc_column_inner][\/vc_row_inner][\/vc_column][\/vc_row]<\/p>\n","protected":false},"excerpt":{"rendered":"<p>[vc_row row_type=&#8221;row&#8221; use_row_as_full_screen_section=&#8221;no&#8221; type=&#8221;full_width&#8221; text_align=&#8221;left&#8221; background_animation=&#8221;none&#8221; background_color=&#8221;#ffffff&#8221;][vc_column][vc_row_inner row_type=&#8221;row&#8221; type=&#8221;grid&#8221; use_row_as_full_screen_section_slide=&#8221;no&#8221; text_align=&#8221;left&#8221; padding_top=&#8221;40&#8243; padding_bottom=&#8221;20&#8243; css_animation=&#8221;&#8221; background_color=&#8221;#ffffff&#8221;][vc_column_inner][vc_column_text] Kancelaria Radc\u00f3w Prawnych M. T. Marja\u0144scy s.c. [\/vc_column_text][vc_separator type=&#8221;transparent&#8221; border_style=&#8221;&#8221; up=&#8221;35&#8243; down=&#8221;0&#8243;][vc_column_text] Jest polsk\u0105 kancelari\u0105, kt\u00f3ra zosta\u0142a powo\u0142ana do \u017cycia w 2009 roku przez wsp\u00f3lnik\u00f3w: radc\u0119 prawnego Magdalen\u0119 Marja\u0144sk\u0105 i&#8230;<\/p>\n","protected":false},"author":1,"featured_media":0,"parent":0,"menu_order":0,"comment_status":"open","ping_status":"open","template":"full_width.php","meta":{"footnotes":""},"class_list":["post-20631","page","type-page","status-publish","hentry"],"_links":{"self":[{"href":"https:\/\/mtmarjanscy.pl\/index.php?rest_route=\/wp\/v2\/pages\/20631","targetHints":{"allow":["GET"]}}],"collection":[{"href":"https:\/\/mtmarjanscy.pl\/index.php?rest_route=\/wp\/v2\/pages"}],"about":[{"href":"https:\/\/mtmarjanscy.pl\/index.php?rest_route=\/wp\/v2\/types\/page"}],"author":[{"embeddable":true,"href":"https:\/\/mtmarjanscy.pl\/index.php?rest_route=\/wp\/v2\/users\/1"}],"replies":[{"embeddable":true,"href":"https:\/\/mtmarjanscy.pl\/index.php?rest_route=%2Fwp%2Fv2%2Fcomments&post=20631"}],"version-history":[{"count":38,"href":"https:\/\/mtmarjanscy.pl\/index.php?rest_route=\/wp\/v2\/pages\/20631\/revisions"}],"predecessor-version":[{"id":22440,"href":"https:\/\/mtmarjanscy.pl\/index.php?rest_route=\/wp\/v2\/pages\/20631\/revisions\/22440"}],"wp:attachment":[{"href":"https:\/\/mtmarjanscy.pl\/index.php?rest_route=%2Fwp%2Fv2%2Fmedia&parent=20631"}],"curies":[{"name":"wp","href":"https:\/\/api.w.org\/{rel}","templated":true}]}}