{"id":19173,"date":"2014-06-03T12:18:50","date_gmt":"2014-06-03T12:18:50","guid":{"rendered":"http:\/\/demo.select-themes.com\/stockholm2\/?page_id=19173"},"modified":"2023-01-24T12:33:11","modified_gmt":"2023-01-24T11:33:11","slug":"polityka-prywatnosci","status":"publish","type":"page","link":"https:\/\/mtmarjanscy.pl\/?page_id=19173","title":{"rendered":"Polityka prywatno\u015bci"},"content":{"rendered":"<p>[vc_row row_type=&#8221;row&#8221; use_row_as_full_screen_section=&#8221;no&#8221; type=&#8221;full_width&#8221; text_align=&#8221;left&#8221; background_animation=&#8221;none&#8221; padding_top=&#8221;10&#8243; padding_bottom=&#8221;50&#8243; css_animation=&#8221;&#8221;][vc_column][vc_column_text]<\/p>\n<p style=\"text-align: center;\"><strong>POLITYKA PRYWATNO\u015aCI<\/strong><\/p>\n<p style=\"text-align: center;\"><strong>strony internetowej mtmarjanscy.pl<\/strong><\/p>\n<p>&nbsp;<\/p>\n<p>Niniejsza polityka prywatno\u015bci okre\u015bla zasady przetwarzania i ochrony danych osobowych przekazanych przez U\u017cytkownika w zwi\u0105zku z korzystaniem przez U\u017cytkownika ze strony internetowej <strong>marjanscy.pl <\/strong>(dalej Strona lub Serwis), kt\u00f3ra\u00a0jest prowadzona\u00a0przez <strong>Kancelari\u0119 Radc\u00f3w Prawnych M. T. Marja\u0144scy s.c.<\/strong><\/p>\n<p style=\"text-align: center;\"><strong>\u00a0<\/strong><\/p>\n<p style=\"text-align: center;\"><strong>Zasady przetwarzania danych osobowych<\/strong><\/p>\n<p><strong>\u00a0<\/strong><\/p>\n<p><strong>Administrator danych osobowych<\/strong><\/p>\n<p>Administratorem danych osobowych przekazanych przez U\u017cytkownika w zwi\u0105zku z korzystaniem przez niego ze strony internetowej marjanscy.pl jest<\/p>\n<p><strong>Kancelari\u0119 Radc\u00f3w Prawnych M. T. Marja\u0144scy sp\u00f3\u0142ka cywilna <\/strong>z siedzib\u0105 w Warszawie, ul. Pu\u0142awska 24 A lok 30, 02-512 Warszawa, \u00a0NIP 521\u00a0354 02 08, REGON 142003764 (dalej Administrator).<\/p>\n<p><strong>\u00a0<\/strong><\/p>\n<p><strong>Podstawa prawna przetwarzania przez Administratora danych osobowych<\/strong><\/p>\n<p>Podstaw\u0105 prawn\u0105 przetwarzania danych osobowych U\u017cytkownika jest Rozporz\u0105dzenie Parlamentu Europejskiego i Rady z dnia 27 kwietnia 2016 r.<em>\u00a0o ochronie os\u00f3b fizycznych w zwi\u0105zku z przetwarzaniem danych osobowych i w sprawie swobodnego przep\u0142ywu takich danych oraz uchylenia dyrektywy 95\/46\/WE<\/em> (dalej RODO).<\/p>\n<p>&nbsp;<\/p>\n<p><strong>Cel przetwarzania przez Administratora danych osobowych<\/strong><\/p>\n<p>Przekazane przez U\u017cytkownika dane osobowe b\u0119d\u0105 przetwarza przez Administratora w celu:<\/p>\n<ul>\n<li>umo\u017cliwienia Administratorowi \u015bwiadczenia us\u0142ug (podstawa prawna: art. 6 ust. 1 lit. b RODO), \u00a0w szczeg\u00f3lno\u015bci w celu:<\/li>\n<li>kontaktu z U\u017cytkownikiem, w tym udzielenia odpowiedzi na pytania U\u017cytkownika, udzielenia informacji handlowych, dokonania wyceny us\u0142ug, realizacji us\u0142ug,<\/li>\n<li>zarz\u0105dzania adresem e-mail U\u017cytkownika (oraz innymi danymi przekazanymi dobrowolnie przez U\u017cytkownika) i wysy\u0142anie wiadomo\u015bci.<\/li>\n<li>wype\u0142nienia obowi\u0105zk\u00f3w prawnych ci\u0105\u017c\u0105cych na\u00a0Administratorze (podstawa prawna: art. 6 ust. 1 lit. c RODO),<\/li>\n<li>na podstawie prawnie uzasadnionego interesu realizowanego przez Administratora lub osob\u0119 trzeci\u0105, za\u00a0kt\u00f3ry Administrator uznaje w\u00a0szczeg\u00f3lno\u015bci dochodzenie i\u00a0obron\u0119 przed roszczeniami, zapobieganie oszustwom, zapewnienie bezpiecze\u0144stwa teleinformatycznego, cele archiwalne (podstawa prawna: art. 6 ust. 1 lit. f RODO).<\/li>\n<\/ul>\n<p>&nbsp;<\/p>\n<p><strong>Zakres przetwarzanych danych osobowych<\/strong><\/p>\n<p>Administrator w ramach prowadzonej strony internetowej zbiera dane osobowe obejmuj\u0105ce: imi\u0119 i nazwisko, numer telefonu, adres e-mail, ewentualnie inne dane teleadresowe przekazane dobrowolnie przez U\u017cytkownika.<\/p>\n<p>&nbsp;<\/p>\n<p><strong>Okres przetwarzania danych osobowych<\/strong><\/p>\n<p>Dane osobowe s\u0105 przetwarzane przez Administratora przez okres potrzebny do osi\u0105gni\u0119cia prawnie uzasadnionych cel\u00f3w.<\/p>\n<p>Je\u015bli podstaw\u0105 przetwarzania danych osobowych jest zgoda U\u017cytkownika, dane b\u0119d\u0105 przetwarzane do czasu jej cofni\u0119cia.<\/p>\n<p>W wypadku danych osobowych, kt\u00f3re s\u0105 przetwarzane w zwi\u0105zku z realizacj\u0105 us\u0142ug przez Administratora, dane te b\u0119d\u0105 przetwarzane do czasu up\u0142ywu termin\u00f3w przedawnienia ewentualnych roszcze\u0144. W ka\u017cdym z powy\u017cszych przypadk\u00f3w b\u0119dzie to trwa\u0142o nie d\u0142u\u017cej ni\u017c 6 lat.<\/p>\n<p>&nbsp;<\/p>\n<p><strong>Kategorie odbiorc\u00f3w danych<\/strong><\/p>\n<p>Dane osobowe U\u017cytkownika mog\u0105 by\u0107 udost\u0119pnione podmiotom trzecim w zwi\u0105zku ze \u015bwiadczeniem przez Administratora us\u0142ug, z kt\u00f3rymi Administrator wsp\u00f3\u0142pracuje, w szczeg\u00f3lno\u015bci wsp\u00f3\u0142pracownikom i dostawcom us\u0142ug, w tym us\u0142ug IT i us\u0142ug ksi\u0119gowych. Us\u0142ugodawcy ci b\u0119d\u0105 przetwarza\u0107 dane wy\u0142\u0105cznie na podstawie zawartych z Administratorem um\u00f3w powierzenia danych, w okre\u015blonym przez Administratora celu, z obowi\u0105zkiem nale\u017cytego zabezpieczenia. W zakresie wymaganym przepisami prawa, dane osobowe U\u017cytkownika mog\u0105 zosta\u0107 przekazane organom administracji publicznej na ich uprzednie \u017c\u0105danie.<\/p>\n<p>Dane osobowe U\u017cytkownika nie s\u0105 przekazywane do pa\u0144stw znajduj\u0105cych si\u0119 poza Uni\u0105 Europejsk\u0105 lub Europejskim Obszarem Gospodarczym.<\/p>\n<p><strong>\u00a0<\/strong><\/p>\n<p><strong>Uprawnienia U\u017cytkownika zwi\u0105zane z przetwarzaniem danych osobowych<\/strong><\/p>\n<p>U\u017cytkownikowi przys\u0142uguj\u0105 nast\u0119puj\u0105ce prawa zwi\u0105zane z przetwarzaniem danych osobowych:<\/p>\n<ul>\n<li>prawo dost\u0119pu do swoich danych oraz otrzymania ich kopii;<\/li>\n<li>prawo do sprostowania (poprawiania) lub uzupe\u0142nienia swoich danych;<\/li>\n<li>prawo do usuni\u0119cia danych osobowych, chyba \u017ce przetwarzanie danych nast\u0119puje w celu wywi\u0105zania si\u0119 z obowi\u0105zku wynikaj\u0105cego z przepisu prawa lub w ramach sprawowania w\u0142adzy publicznej lub jest niezb\u0119dne do ustalenia, dochodzenia lub obrony roszcze\u0144;<\/li>\n<li>prawo do ograniczenia przetwarzania danych;<\/li>\n<li>prawo do przenoszenia danych osobowych, kt\u00f3re zosta\u0142y przekazane Administratorowi, tj. prawo do\u00a0ich otrzymania w\u00a0ustrukturyzowanym powszechnym formacie oraz ich przes\u0142ania innemu administratorowi. Prawo to\u00a0mo\u017ce zosta\u0107 zrealizowane wy\u0142\u0105cznie w\u00a0przypadkach, gdy przetwarzanie odbywa si\u0119 na\u00a0podstawie zgody b\u0105d\u017a umowy oraz o\u00a0ile jest ca\u0142kowicie zautomatyzowane;<\/li>\n<li>prawo do wniesienia sprzeciwu, o\u00a0ile przetwarzanie danych\u00a0odbywa si\u0119 w\u00a0celach wynikaj\u0105cych z\u00a0prawnie uzasadnionych interes\u00f3w realizowanych przez Administratora lub stron\u0119 trzeci\u0105 na\u00a0podstawie art. 6 ust. 1 lit. f RODO;<\/li>\n<li>prawo wniesienia skargi do organu nadzorczego \u2013 Prezesa Urz\u0119du Ochrony Danych Osobowych (na adres Urz\u0119du Ochrony Danych Osobowych, ul. Stawki 2, 00 \u2013 193 Warszawa);<\/li>\n<li>w zakresie, w jakim podstaw\u0105 przetwarzania danych osobowych U\u017cytkownika jest zgoda wyra\u017cona na podstawie przepis\u00f3w RODO, U\u017cytkownikowi przys\u0142uguje prawo wycofania takiej zgody. Wycofanie zgody nie ma wp\u0142ywu na przetwarzanie, kt\u00f3rego dokonano przed jej wycofaniem.<\/li>\n<\/ul>\n<p>&nbsp;<\/p>\n<p><strong>Dobrowolno\u015b\u0107 przekazania danych osobowych<\/strong><\/p>\n<p>W zakresie przetwarzania danych osobowych w\u00a0celu wype\u0142nienia obowi\u0105zk\u00f3w prawnych ci\u0105\u017c\u0105cych na\u00a0Administratorze (art. 6 ust. 1 lit. c RODO), wynikaj\u0105cych z\u00a0prawa UE lub prawa polskiego, obowi\u0105zek podania danych jest wymogiem ustawowym.<\/p>\n<p>W przypadku przetwarzania danych w\u00a0celu \u015bwiadczenia us\u0142ug przez Administratora (art. 6 ust. 1 lit. b RODO), na podstawie prawnie uzasadnionego interesu realizowanego przez Administratora danych lub osob\u0119 trzeci\u0105 (art. 6 ust. 1 lit. f RODO) lub w celu\u00a0 kontaktu zwi\u0105zanego<br \/>\nz wykonywanymi us\u0142ugami oraz prowadzon\u0105 dzia\u0142alno\u015bci\u0105, w tym realizowaniu um\u00f3w, informowaniu o us\u0142ugach (art. 6 ust. 1 lit f RODO) \u2013 podanie przez U\u017cytkownika danych osobowych jest dobrowolne. Jednak\u017ce odmowa podania danych osobowych mo\u017ce\u00a0 \u2013<br \/>\nw zale\u017cno\u015bci od kontekstu, w kt\u00f3rym dane te s\u0105 przetwarzane \u2013 uniemo\u017cliwi\u0107 lub utrudni\u0107 wykonanie us\u0142ug przez Administratora lub mo\u017ce uniemo\u017cliwi\u0107 Administratorowi kontakt z U\u017cytkownikiem.<\/p>\n<p><strong>\u00a0<\/strong><\/p>\n<p><strong>Bezpiecze\u0144stwo danych osobowych<\/strong><\/p>\n<p>Dane osobowe przekazywane przez U\u017cytkownika s\u0105 przetwarzane i przechowywane z zastosowaniem odpowiednich \u015brodk\u00f3w bezpiecze\u0144stwa zgodnych z wymogami przepis\u00f3w prawa. Administrator zabezpiecza dane U\u017cytkownika przed nieupowa\u017cnionym dost\u0119pem, wykorzystaniem lub ujawnieniem. Dane przetwarzane s\u0105 w \u015brodowisku kontrolowanym przy zachowaniu wysokich standard\u00f3w ochrony.<\/p>\n<p>&nbsp;<\/p>\n<p><strong>Dane kontaktowe Administratora<\/strong><\/p>\n<p>Pytania i uwagi dotycz\u0105ce polityki prywatno\u015bci oraz ochrony danych osobowych nale\u017cy kierowa\u0107:<\/p>\n<ul>\n<li>drog\u0105 elektroniczn\u0105 na adres e-mail: kancelaria@mtmarjanscy.pl<\/li>\n<li>telefonicznie pod numerem telefonu: + 48 22 646 02 65<\/li>\n<li>listownie na adres: 02-512 Warszawa, ul. Pu\u0142awska 24 A lok. 30.<\/li>\n<\/ul>\n<p>[\/vc_column_text][\/vc_column][\/vc_row]<\/p>\n","protected":false},"excerpt":{"rendered":"<p>[vc_row row_type=&#8221;row&#8221; use_row_as_full_screen_section=&#8221;no&#8221; type=&#8221;full_width&#8221; text_align=&#8221;left&#8221; background_animation=&#8221;none&#8221; padding_top=&#8221;10&#8243; padding_bottom=&#8221;50&#8243; css_animation=&#8221;&#8221;][vc_column][vc_column_text] POLITYKA PRYWATNO\u015aCI strony internetowej mtmarjanscy.pl &nbsp; Niniejsza polityka prywatno\u015bci okre\u015bla zasady przetwarzania i ochrony danych osobowych przekazanych przez U\u017cytkownika w zwi\u0105zku z korzystaniem przez U\u017cytkownika ze strony internetowej marjanscy.pl (dalej Strona lub Serwis), kt\u00f3ra\u00a0jest prowadzona\u00a0przez Kancelari\u0119&#8230;<\/p>\n","protected":false},"author":1,"featured_media":0,"parent":0,"menu_order":0,"comment_status":"open","ping_status":"open","template":"","meta":{"footnotes":""},"class_list":["post-19173","page","type-page","status-publish","hentry"],"_links":{"self":[{"href":"https:\/\/mtmarjanscy.pl\/index.php?rest_route=\/wp\/v2\/pages\/19173","targetHints":{"allow":["GET"]}}],"collection":[{"href":"https:\/\/mtmarjanscy.pl\/index.php?rest_route=\/wp\/v2\/pages"}],"about":[{"href":"https:\/\/mtmarjanscy.pl\/index.php?rest_route=\/wp\/v2\/types\/page"}],"author":[{"embeddable":true,"href":"https:\/\/mtmarjanscy.pl\/index.php?rest_route=\/wp\/v2\/users\/1"}],"replies":[{"embeddable":true,"href":"https:\/\/mtmarjanscy.pl\/index.php?rest_route=%2Fwp%2Fv2%2Fcomments&post=19173"}],"version-history":[{"count":3,"href":"https:\/\/mtmarjanscy.pl\/index.php?rest_route=\/wp\/v2\/pages\/19173\/revisions"}],"predecessor-version":[{"id":22417,"href":"https:\/\/mtmarjanscy.pl\/index.php?rest_route=\/wp\/v2\/pages\/19173\/revisions\/22417"}],"wp:attachment":[{"href":"https:\/\/mtmarjanscy.pl\/index.php?rest_route=%2Fwp%2Fv2%2Fmedia&parent=19173"}],"curies":[{"name":"wp","href":"https:\/\/api.w.org\/{rel}","templated":true}]}}