{"id":19080,"date":"2014-06-03T08:07:04","date_gmt":"2014-06-03T08:07:04","guid":{"rendered":"http:\/\/demo.select-themes.com\/stockholm2\/?page_id=19080"},"modified":"2023-01-25T12:43:46","modified_gmt":"2023-01-25T11:43:46","slug":"specjalizacje","status":"publish","type":"page","link":"https:\/\/mtmarjanscy.pl\/?page_id=19080","title":{"rendered":"Specjalizacje"},"content":{"rendered":"<p>[vc_row row_type=&#8221;row&#8221; use_row_as_full_screen_section=&#8221;no&#8221; type=&#8221;full_width&#8221; text_align=&#8221;left&#8221; background_animation=&#8221;none&#8221; padding_top=&#8221;100&#8243; padding_bottom=&#8221;60&#8243; css_animation=&#8221;&#8221; background_color=&#8221;#ffffff&#8221;][vc_column][vc_row_inner row_type=&#8221;row&#8221; type=&#8221;grid&#8221; use_row_as_full_screen_section_slide=&#8221;no&#8221; text_align=&#8221;left&#8221; css_animation=&#8221;&#8221;][vc_column_inner width=&#8221;1\/2&#8243;][vc_column_text]<img loading=\"lazy\" decoding=\"async\" class=\"alignnone wp-image-22320 size-full\" src=\"http:\/\/mtmarjanscy.pl\/wp-content\/uploads\/2023\/01\/1-1.jpg\" alt=\"\" width=\"1200\" height=\"800\" srcset=\"https:\/\/mtmarjanscy.pl\/wp-content\/uploads\/2023\/01\/1-1.jpg 1200w, https:\/\/mtmarjanscy.pl\/wp-content\/uploads\/2023\/01\/1-1-480x320.jpg 480w, https:\/\/mtmarjanscy.pl\/wp-content\/uploads\/2023\/01\/1-1-768x512.jpg 768w, https:\/\/mtmarjanscy.pl\/wp-content\/uploads\/2023\/01\/1-1-700x467.jpg 700w, https:\/\/mtmarjanscy.pl\/wp-content\/uploads\/2023\/01\/1-1-1100x733.jpg 1100w\" sizes=\"auto, (max-width: 1200px) 100vw, 1200px\" \/>[\/vc_column_text][vc_separator type=&#8221;transparent&#8221; border_style=&#8221;&#8221; up=&#8221;40&#8243; down=&#8221;0&#8243;][\/vc_column_inner][vc_column_inner width=&#8221;1\/2&#8243;][vc_column_text]<\/p>\n<h5>POMOC PRAWNA OSOBOM PRYWATNYM<\/h5>\n<p>[\/vc_column_text][vc_separator type=&#8221;transparent&#8221; border_style=&#8221;&#8221; up=&#8221;30&#8243; down=&#8221;0&#8243;][vc_column_text]Nieznajomo\u015b\u0107 prawa szkodzi i cz\u0119sto powoduje niepotrzebne straty finansowe, dlatego staj\u0105c w obliczu wa\u017cnych \u017cyciowych decyzji warto skonsultowa\u0107 je z do\u015bwiadczonym radc\u0105 prawnym, kt\u00f3ry rzetelnie oceni problem i przedstawi najlepsze rozwi\u0105zania.[\/vc_column_text][vc_separator type=&#8221;transparent&#8221; border_style=&#8221;&#8221; up=&#8221;39&#8243; down=&#8221;0&#8243;]<a href=\"#\" target=\"_self\" data-hover-color='#ffffff' class=\"qbutton  small\" style=\"\">ZOBACZ WI\u0118CEJ<\/a>[\/vc_column_inner][\/vc_row_inner][\/vc_column][\/vc_row][vc_row row_type=&#8221;row&#8221; use_row_as_full_screen_section=&#8221;no&#8221; type=&#8221;full_width&#8221; text_align=&#8221;left&#8221; background_animation=&#8221;none&#8221; padding_top=&#8221;100&#8243; padding_bottom=&#8221;60&#8243; css_animation=&#8221;&#8221; background_color=&#8221;#f5f5f5&#8243;][vc_column][vc_row_inner row_type=&#8221;row&#8221; type=&#8221;grid&#8221; use_row_as_full_screen_section_slide=&#8221;no&#8221; text_align=&#8221;right&#8221; css_animation=&#8221;&#8221;][vc_column_inner width=&#8221;1\/2&#8243;][vc_column_text]<\/p>\n<h5 style=\"text-align: right;\">OBS\u0141UGA PRAWNA FIRM<\/h5>\n<p>[\/vc_column_text][vc_separator type=&#8221;transparent&#8221; border_style=&#8221;&#8221; up=&#8221;30&#8243; down=&#8221;0&#8243;][vc_column_text]Zesp\u00f3\u0142 Kancelarii Radc\u00f3w Prawnych M. T. Marja\u0144scy s.c. od wielu lat \u015bwiadczy us\u0142ugi z zakresu kompleksowej obs\u0142ugi prawnej podmiot\u00f3w gospodarczych. Wspieramy przedsi\u0119biorc\u00f3w na wszystkich etapach prowadzonej przez nich dzia\u0142alno\u015bci. Pomoc prawna udzielana przez Kancelari\u0119 jest zawsze dostosowana do specyfiki dzia\u0142alno\u015bci Klienta. Pomagamy w\u00a0sytuacjach kryzysowych a tak\u017ce\u00a0prowadzimy sta\u0142\u0105 obs\u0142ug\u0119 prawn\u0105 firm.[\/vc_column_text][vc_separator type=&#8221;transparent&#8221; border_style=&#8221;&#8221; up=&#8221;39&#8243; down=&#8221;0&#8243;]<a href=\"#\" target=\"_self\" data-hover-color='#ffffff' class=\"qbutton  small\" style=\"\">ZOBACZ WI\u0118CEJ<\/a>[vc_separator type=&#8221;transparent&#8221; border_style=&#8221;&#8221; up=&#8221;40&#8243; down=&#8221;0&#8243;][\/vc_column_inner][vc_column_inner width=&#8221;1\/2&#8243;][vc_column_text]<img loading=\"lazy\" decoding=\"async\" class=\"alignnone wp-image-22321 size-full\" src=\"http:\/\/mtmarjanscy.pl\/wp-content\/uploads\/2023\/01\/iocenters-2673316_1920-1.jpg\" alt=\"\" width=\"1200\" height=\"800\" srcset=\"https:\/\/mtmarjanscy.pl\/wp-content\/uploads\/2023\/01\/iocenters-2673316_1920-1.jpg 1200w, https:\/\/mtmarjanscy.pl\/wp-content\/uploads\/2023\/01\/iocenters-2673316_1920-1-480x320.jpg 480w, https:\/\/mtmarjanscy.pl\/wp-content\/uploads\/2023\/01\/iocenters-2673316_1920-1-768x512.jpg 768w, https:\/\/mtmarjanscy.pl\/wp-content\/uploads\/2023\/01\/iocenters-2673316_1920-1-700x467.jpg 700w, https:\/\/mtmarjanscy.pl\/wp-content\/uploads\/2023\/01\/iocenters-2673316_1920-1-1100x733.jpg 1100w\" sizes=\"auto, (max-width: 1200px) 100vw, 1200px\" \/>[\/vc_column_text][vc_separator type=&#8221;transparent&#8221; border_style=&#8221;&#8221; up=&#8221;40&#8243; down=&#8221;0&#8243;][\/vc_column_inner][\/vc_row_inner][\/vc_column][\/vc_row][vc_row row_type=&#8221;row&#8221; use_row_as_full_screen_section=&#8221;no&#8221; type=&#8221;full_width&#8221; text_align=&#8221;left&#8221; background_animation=&#8221;none&#8221; padding_top=&#8221;100&#8243; padding_bottom=&#8221;60&#8243; css_animation=&#8221;&#8221; background_color=&#8221;#ffffff&#8221;][vc_column][vc_row_inner row_type=&#8221;row&#8221; type=&#8221;grid&#8221; use_row_as_full_screen_section_slide=&#8221;no&#8221; text_align=&#8221;left&#8221; css_animation=&#8221;&#8221;][vc_column_inner width=&#8221;1\/2&#8243;][vc_column_text]<img loading=\"lazy\" decoding=\"async\" class=\"alignnone wp-image-22323 size-full\" src=\"http:\/\/mtmarjanscy.pl\/wp-content\/uploads\/2023\/01\/3-1.jpg\" alt=\"\" width=\"1200\" height=\"800\" srcset=\"https:\/\/mtmarjanscy.pl\/wp-content\/uploads\/2023\/01\/3-1.jpg 1200w, https:\/\/mtmarjanscy.pl\/wp-content\/uploads\/2023\/01\/3-1-480x320.jpg 480w, https:\/\/mtmarjanscy.pl\/wp-content\/uploads\/2023\/01\/3-1-768x512.jpg 768w, https:\/\/mtmarjanscy.pl\/wp-content\/uploads\/2023\/01\/3-1-700x467.jpg 700w, https:\/\/mtmarjanscy.pl\/wp-content\/uploads\/2023\/01\/3-1-1100x733.jpg 1100w\" sizes=\"auto, (max-width: 1200px) 100vw, 1200px\" \/>[\/vc_column_text][vc_separator type=&#8221;transparent&#8221; border_style=&#8221;&#8221; up=&#8221;40&#8243; down=&#8221;0&#8243;][\/vc_column_inner][vc_column_inner width=&#8221;1\/2&#8243;][vc_column_text]<\/p>\n<h5>OBS\u0141UGA PRAWNA SP\u00d3\u0141DZIELNI MIESZKANIOWYCH<\/h5>\n<p>[\/vc_column_text][vc_separator type=&#8221;transparent&#8221; border_style=&#8221;&#8221; up=&#8221;30&#8243; down=&#8221;0&#8243;][vc_column_text]Kluczow\u0105 specjalizacj\u0105 Kancelarii Radc\u00f3w Prawnych M. T. Marja\u0144scy s.c. jest kompleksowa\u00a0obs\u0142uga prawna sp\u00f3\u0142dzielni\u00a0mieszkaniowych.<\/p>\n<p>Wsp\u00f3lnicy Kancelarii posiadaj\u0105 20-letnie do\u015bwiadczenie w \u015bwiadczeniu pomocy prawnej z zakresu prawa sp\u00f3\u0142dzielczego na rzecz sp\u00f3\u0142dzielni mieszkaniowych, bardzo dobrze znaj\u0105 praktyczne kwestie i problemy prawne, z kt\u00f3rymi sp\u00f3\u0142dzielnie mieszkaniowe stykaj\u0105 si\u0119 na co dzie\u0144.[\/vc_column_text][vc_separator type=&#8221;transparent&#8221; border_style=&#8221;&#8221; up=&#8221;39&#8243; down=&#8221;0&#8243;]<a href=\"#\" target=\"_self\" data-hover-color='#ffffff' class=\"qbutton  small\" style=\"\">ZOBACZ WI\u0118CEJ<\/a>[\/vc_column_inner][\/vc_row_inner][\/vc_column][\/vc_row][vc_row row_type=&#8221;row&#8221; use_row_as_full_screen_section=&#8221;no&#8221; type=&#8221;full_width&#8221; text_align=&#8221;left&#8221; background_animation=&#8221;none&#8221; padding_top=&#8221;100&#8243; padding_bottom=&#8221;60&#8243; css_animation=&#8221;&#8221; background_color=&#8221;#f5f5f5&#8243;][vc_column][vc_row_inner row_type=&#8221;row&#8221; type=&#8221;grid&#8221; use_row_as_full_screen_section_slide=&#8221;no&#8221; text_align=&#8221;right&#8221; css_animation=&#8221;&#8221;][vc_column_inner width=&#8221;1\/2&#8243;][vc_column_text]<\/p>\n<h5 style=\"text-align: right;\">OBS\u0141UGA PRAWNA WSP\u00d3LNOT MIESZKANOWYCH<\/h5>\n<p>[\/vc_column_text][vc_separator type=&#8221;transparent&#8221; border_style=&#8221;&#8221; up=&#8221;30&#8243; down=&#8221;0&#8243;][vc_column_text]Kancelarii Radc\u00f3w Prawnych M. T. Marja\u0144scy s.c. \u015bwiadczy us\u0142ugi prawne w zakresie \u00a0kompleksowej\u00a0obs\u0142ugi prawnej wsp\u00f3lnot mieszkaniowych.<\/p>\n<p>Wsp\u00f3lnicy Kancelarii posiadaj\u0105 wieloletnie do\u015bwiadczenie w \u015bwiadczeniu pomocy prawnej z zakresu prawa lokalowego na rzecz wsp\u00f3lnot mieszkaniowych, bardzo dobrze znaj\u0105 praktyczne kwestie i problemy prawne, z kt\u00f3rymi wsp\u00f3lnoty mieszkaniowe stykaj\u0105 si\u0119 na co dzie\u0144.[\/vc_column_text][vc_separator type=&#8221;transparent&#8221; border_style=&#8221;&#8221; up=&#8221;39&#8243; down=&#8221;0&#8243;]<a href=\"#\" target=\"_self\" data-hover-color='#ffffff' class=\"qbutton  small\" style=\"\">ZOBACZ WI\u0118CEJ<\/a>[vc_separator type=&#8221;transparent&#8221; border_style=&#8221;&#8221; up=&#8221;40&#8243; down=&#8221;0&#8243;][\/vc_column_inner][vc_column_inner width=&#8221;1\/2&#8243;][vc_column_text]<img loading=\"lazy\" decoding=\"async\" class=\"alignnone wp-image-22325 size-full\" src=\"http:\/\/mtmarjanscy.pl\/wp-content\/uploads\/2023\/01\/2-1.jpg\" alt=\"\" width=\"1200\" height=\"800\" srcset=\"https:\/\/mtmarjanscy.pl\/wp-content\/uploads\/2023\/01\/2-1.jpg 1200w, https:\/\/mtmarjanscy.pl\/wp-content\/uploads\/2023\/01\/2-1-480x320.jpg 480w, https:\/\/mtmarjanscy.pl\/wp-content\/uploads\/2023\/01\/2-1-768x512.jpg 768w, https:\/\/mtmarjanscy.pl\/wp-content\/uploads\/2023\/01\/2-1-700x467.jpg 700w, https:\/\/mtmarjanscy.pl\/wp-content\/uploads\/2023\/01\/2-1-1100x733.jpg 1100w\" sizes=\"auto, (max-width: 1200px) 100vw, 1200px\" \/>[\/vc_column_text][vc_separator type=&#8221;transparent&#8221; border_style=&#8221;&#8221; up=&#8221;40&#8243; down=&#8221;0&#8243;][\/vc_column_inner][\/vc_row_inner][\/vc_column][\/vc_row][vc_row row_type=&#8221;row&#8221; use_row_as_full_screen_section=&#8221;no&#8221; type=&#8221;full_width&#8221; text_align=&#8221;left&#8221; background_animation=&#8221;none&#8221; padding_top=&#8221;100&#8243; padding_bottom=&#8221;60&#8243; css_animation=&#8221;&#8221; background_color=&#8221;#ffffff&#8221;][vc_column][vc_row_inner row_type=&#8221;row&#8221; type=&#8221;grid&#8221; use_row_as_full_screen_section_slide=&#8221;no&#8221; text_align=&#8221;left&#8221; css_animation=&#8221;&#8221;][vc_column_inner width=&#8221;1\/2&#8243;][vc_column_text]<img loading=\"lazy\" decoding=\"async\" class=\"alignnone wp-image-22324 size-full\" src=\"http:\/\/mtmarjanscy.pl\/wp-content\/uploads\/2023\/01\/5-1.jpg\" alt=\"\" width=\"1200\" height=\"800\" srcset=\"https:\/\/mtmarjanscy.pl\/wp-content\/uploads\/2023\/01\/5-1.jpg 1200w, https:\/\/mtmarjanscy.pl\/wp-content\/uploads\/2023\/01\/5-1-480x320.jpg 480w, https:\/\/mtmarjanscy.pl\/wp-content\/uploads\/2023\/01\/5-1-768x512.jpg 768w, https:\/\/mtmarjanscy.pl\/wp-content\/uploads\/2023\/01\/5-1-700x467.jpg 700w, https:\/\/mtmarjanscy.pl\/wp-content\/uploads\/2023\/01\/5-1-1100x733.jpg 1100w\" sizes=\"auto, (max-width: 1200px) 100vw, 1200px\" \/>[\/vc_column_text][vc_separator type=&#8221;transparent&#8221; border_style=&#8221;&#8221; up=&#8221;40&#8243; down=&#8221;0&#8243;][\/vc_column_inner][vc_column_inner width=&#8221;1\/2&#8243;][vc_column_text]<\/p>\n<h5>KREDYTY FRANKOWE<\/h5>\n<p>[\/vc_column_text][vc_separator type=&#8221;transparent&#8221; border_style=&#8221;&#8221; up=&#8221;30&#8243; down=&#8221;0&#8243;][vc_column_text]Kluczow\u0105 specjalizacj\u0105 Kancelarii Radc\u00f3w Prawnych M. T. Marja\u0144scy s.c. jest reprezentowanie kredytobiorc\u00f3w w sprawach dotycz\u0105cych kredyt\u00f3w indeksowanych lub denominowanych do walut obcych (CHF, USD, EUR).[\/vc_column_text][vc_separator type=&#8221;transparent&#8221; border_style=&#8221;&#8221; up=&#8221;39&#8243; down=&#8221;0&#8243;]<a href=\"#\" target=\"_self\" data-hover-color='#ffffff' class=\"qbutton  small\" style=\"\">ZOBACZ WI\u0118CEJ<\/a>[\/vc_column_inner][\/vc_row_inner][\/vc_column][\/vc_row][vc_row row_type=&#8221;row&#8221; use_row_as_full_screen_section=&#8221;no&#8221; type=&#8221;full_width&#8221; text_align=&#8221;left&#8221; background_animation=&#8221;none&#8221; padding_top=&#8221;100&#8243; padding_bottom=&#8221;60&#8243; css_animation=&#8221;&#8221; background_color=&#8221;#f5f5f5&#8243;][vc_column][vc_row_inner row_type=&#8221;row&#8221; type=&#8221;grid&#8221; use_row_as_full_screen_section_slide=&#8221;no&#8221; text_align=&#8221;right&#8221; css_animation=&#8221;&#8221;][vc_column_inner width=&#8221;1\/2&#8243;][vc_column_text]<\/p>\n<h5 style=\"text-align: right;\">PROCESY S\u0104DOWE<\/h5>\n<p>[\/vc_column_text][vc_separator type=&#8221;transparent&#8221; border_style=&#8221;&#8221; up=&#8221;30&#8243; down=&#8221;0&#8243;][vc_column_text]Wsp\u00f3lnicy Kancelarii Radc\u00f3w Prawnych M. T. Marja\u0144scy s.c. od ponad 20 lat \u015bwiadcz\u0105 profesjonaln\u0105 pomoc prawn\u0105 w zakresie reprezentowania Klient\u00f3w (przedsi\u0119biorc\u00f3w i os\u00f3b fizycznych) w sprawach s\u0105dowych. Prowadzimy zar\u00f3wno sprawy standardowe jak i\u00a0nietypowe, skomplikowane i precedensowe. Sprawa ka\u017cdego Klienta jest dla nas r\u00f3wnie wa\u017cna.[\/vc_column_text][vc_separator type=&#8221;transparent&#8221; border_style=&#8221;&#8221; up=&#8221;39&#8243; down=&#8221;0&#8243;]<a href=\"#\" target=\"_self\" data-hover-color='#ffffff' class=\"qbutton  small\" style=\"\">ZOBACZ WI\u0118CEJ<\/a>[vc_separator type=&#8221;transparent&#8221; border_style=&#8221;&#8221; up=&#8221;40&#8243; down=&#8221;0&#8243;][\/vc_column_inner][vc_column_inner width=&#8221;1\/2&#8243;][vc_column_text]<img loading=\"lazy\" decoding=\"async\" class=\"alignnone wp-image-22328 size-full\" src=\"http:\/\/mtmarjanscy.pl\/wp-content\/uploads\/2023\/01\/4-2.jpg\" alt=\"\" width=\"1200\" height=\"800\" srcset=\"https:\/\/mtmarjanscy.pl\/wp-content\/uploads\/2023\/01\/4-2.jpg 1200w, https:\/\/mtmarjanscy.pl\/wp-content\/uploads\/2023\/01\/4-2-480x320.jpg 480w, https:\/\/mtmarjanscy.pl\/wp-content\/uploads\/2023\/01\/4-2-768x512.jpg 768w, https:\/\/mtmarjanscy.pl\/wp-content\/uploads\/2023\/01\/4-2-700x467.jpg 700w, https:\/\/mtmarjanscy.pl\/wp-content\/uploads\/2023\/01\/4-2-1100x733.jpg 1100w\" sizes=\"auto, (max-width: 1200px) 100vw, 1200px\" \/>[\/vc_column_text][vc_separator type=&#8221;transparent&#8221; border_style=&#8221;&#8221; up=&#8221;40&#8243; down=&#8221;0&#8243;][\/vc_column_inner][\/vc_row_inner][\/vc_column][\/vc_row][vc_row row_type=&#8221;row&#8221; use_row_as_full_screen_section=&#8221;no&#8221; type=&#8221;full_width&#8221; text_align=&#8221;left&#8221; background_animation=&#8221;none&#8221; padding_top=&#8221;100&#8243; padding_bottom=&#8221;60&#8243; css_animation=&#8221;&#8221; background_color=&#8221;#ffffff&#8221;][vc_column][vc_row_inner row_type=&#8221;row&#8221; type=&#8221;grid&#8221; use_row_as_full_screen_section_slide=&#8221;no&#8221; text_align=&#8221;left&#8221; css_animation=&#8221;&#8221;][vc_column_inner width=&#8221;1\/2&#8243;][vc_column_text]<img loading=\"lazy\" decoding=\"async\" class=\"alignnone wp-image-22322 size-full\" src=\"http:\/\/mtmarjanscy.pl\/wp-content\/uploads\/2023\/01\/6-1.jpg\" alt=\"\" width=\"1200\" height=\"800\" srcset=\"https:\/\/mtmarjanscy.pl\/wp-content\/uploads\/2023\/01\/6-1.jpg 1200w, https:\/\/mtmarjanscy.pl\/wp-content\/uploads\/2023\/01\/6-1-480x320.jpg 480w, https:\/\/mtmarjanscy.pl\/wp-content\/uploads\/2023\/01\/6-1-768x512.jpg 768w, https:\/\/mtmarjanscy.pl\/wp-content\/uploads\/2023\/01\/6-1-700x467.jpg 700w, https:\/\/mtmarjanscy.pl\/wp-content\/uploads\/2023\/01\/6-1-1100x733.jpg 1100w\" sizes=\"auto, (max-width: 1200px) 100vw, 1200px\" \/>[\/vc_column_text][vc_separator type=&#8221;transparent&#8221; border_style=&#8221;&#8221; up=&#8221;40&#8243; down=&#8221;0&#8243;][\/vc_column_inner][vc_column_inner width=&#8221;1\/2&#8243;][vc_column_text]<\/p>\n<h5>WINDYKACJA NALE\u017bNO\u015aCI<\/h5>\n<p>[\/vc_column_text][vc_separator type=&#8221;transparent&#8221; border_style=&#8221;&#8221; up=&#8221;30&#8243; down=&#8221;0&#8243;][vc_column_text]<\/p>\n<div class=\"wpb_text_column wpb_content_element \">\n<div class=\"wpb_wrapper\">\n<p>Kancelarii Radc\u00f3w Prawnych M. T. Marja\u0144scy s.c. oferuje kompleksow\u0105 pomoc przedsi\u0119biorcom oraz\u00a0osobom fizycznym w\u00a0odzyskiwaniu ich zaleg\u0142ych nale\u017cno\u015bci. Pomagamy na\u00a0ka\u017cdym etapie<strong>\u00a0windykacji nale\u017cno\u015bci<\/strong><strong>:<\/strong>\u00a0od\u00a0sporz\u0105dzenia i\u00a0wys\u0142ania wezwania do\u00a0zap\u0142aty do\u00a0d\u0142u\u017cnika, poprzez reprezentowanie klienta przed\u00a0s\u0105dem, do\u00a0przeprowadzenia post\u0119powania egzekucyjnego. Egzekwujemy d\u0142ugi przeds\u0105dowe, pozas\u0105dowe, przedegzekucyjne, w\u00a0trakcie egzekucji lub po\u00a0bezskutecznej egzekucji komorniczej oraz\u00a0nale\u017cno\u015bci przedawnione.<\/p>\n<\/div>\n<\/div>\n<p>[\/vc_column_text][vc_separator type=&#8221;transparent&#8221; border_style=&#8221;&#8221; up=&#8221;39&#8243; down=&#8221;0&#8243;]<a href=\"#\" target=\"_self\" data-hover-color='#ffffff' class=\"qbutton  small\" style=\"\">ZOBACZ WI\u0118CEJ<\/a>[\/vc_column_inner][\/vc_row_inner][\/vc_column][\/vc_row][vc_row row_type=&#8221;row&#8221; use_row_as_full_screen_section=&#8221;no&#8221; type=&#8221;full_width&#8221; text_align=&#8221;left&#8221; background_animation=&#8221;none&#8221; padding_top=&#8221;100&#8243; padding_bottom=&#8221;60&#8243; css_animation=&#8221;&#8221; background_color=&#8221;#f5f5f5&#8243;][vc_column][vc_row_inner row_type=&#8221;row&#8221; type=&#8221;grid&#8221; use_row_as_full_screen_section_slide=&#8221;no&#8221; text_align=&#8221;right&#8221; css_animation=&#8221;&#8221;][vc_column_inner width=&#8221;1\/2&#8243;][vc_column_text]<\/p>\n<h5 style=\"text-align: right;\">PORADY PRAWNE ONLINE<\/h5>\n<p>[\/vc_column_text][vc_separator type=&#8221;transparent&#8221; border_style=&#8221;&#8221; up=&#8221;30&#8243; down=&#8221;0&#8243;][vc_column_text]Kancelaria Radc\u00f3w Prawnych M.T. Marja\u0144scy udziela porad prawnych zdalnie przez Internet. Oferta w tym zakresie jest adresowana do os\u00f3b, kt\u00f3re pilnie potrzebuj\u0105 profesjonalnej pomocy prawnej radcy prawnego bez konieczno\u015bci wychodzenia z domu.<\/p>\n<p>Najistotniejszymi zaletami porady prawnej online jest jej <strong>dost\u0119pno\u015b\u0107<\/strong> oraz <strong>szybko\u015b\u0107 za\u0142atwienia sprawy<\/strong>. Porada prawna online zazwyczaj udzielana jest w ci\u0105gu 24 godzin od nawi\u0105zania kontaktu z Kancelari\u0105.<\/p>\n<p>[\/vc_column_text][vc_separator type=&#8221;transparent&#8221; border_style=&#8221;&#8221; up=&#8221;39&#8243; down=&#8221;0&#8243;]<a href=\"#\" target=\"_self\" data-hover-color='#ffffff' class=\"qbutton  small\" style=\"\">ZOBACZ WI\u0118CEJ<\/a>[vc_separator type=&#8221;transparent&#8221; border_style=&#8221;&#8221; up=&#8221;40&#8243; down=&#8221;0&#8243;][\/vc_column_inner][vc_column_inner width=&#8221;1\/2&#8243;][vc_column_text]<img loading=\"lazy\" decoding=\"async\" class=\"alignnone wp-image-22327 size-full\" src=\"http:\/\/mtmarjanscy.pl\/wp-content\/uploads\/2023\/01\/7-1.jpg\" alt=\"\" width=\"1200\" height=\"800\" srcset=\"https:\/\/mtmarjanscy.pl\/wp-content\/uploads\/2023\/01\/7-1.jpg 1200w, https:\/\/mtmarjanscy.pl\/wp-content\/uploads\/2023\/01\/7-1-480x320.jpg 480w, https:\/\/mtmarjanscy.pl\/wp-content\/uploads\/2023\/01\/7-1-768x512.jpg 768w, https:\/\/mtmarjanscy.pl\/wp-content\/uploads\/2023\/01\/7-1-700x467.jpg 700w, https:\/\/mtmarjanscy.pl\/wp-content\/uploads\/2023\/01\/7-1-1100x733.jpg 1100w\" sizes=\"auto, (max-width: 1200px) 100vw, 1200px\" \/>[\/vc_column_text][vc_separator type=&#8221;transparent&#8221; border_style=&#8221;&#8221; up=&#8221;40&#8243; down=&#8221;0&#8243;][\/vc_column_inner][\/vc_row_inner][\/vc_column][\/vc_row]<\/p>\n","protected":false},"excerpt":{"rendered":"<p>[vc_row row_type=&#8221;row&#8221; use_row_as_full_screen_section=&#8221;no&#8221; type=&#8221;full_width&#8221; text_align=&#8221;left&#8221; background_animation=&#8221;none&#8221; padding_top=&#8221;100&#8243; padding_bottom=&#8221;60&#8243; css_animation=&#8221;&#8221; background_color=&#8221;#ffffff&#8221;][vc_column][vc_row_inner row_type=&#8221;row&#8221; type=&#8221;grid&#8221; use_row_as_full_screen_section_slide=&#8221;no&#8221; text_align=&#8221;left&#8221; css_animation=&#8221;&#8221;][vc_column_inner width=&#8221;1\/2&#8243;][vc_column_text][\/vc_column_text][vc_separator type=&#8221;transparent&#8221; border_style=&#8221;&#8221; up=&#8221;40&#8243; down=&#8221;0&#8243;][\/vc_column_inner][vc_column_inner width=&#8221;1\/2&#8243;][vc_column_text] POMOC PRAWNA OSOBOM PRYWATNYM [\/vc_column_text][vc_separator type=&#8221;transparent&#8221; border_style=&#8221;&#8221; up=&#8221;30&#8243; down=&#8221;0&#8243;][vc_column_text]Nieznajomo\u015b\u0107 prawa szkodzi i cz\u0119sto powoduje niepotrzebne straty finansowe, dlatego staj\u0105c w obliczu wa\u017cnych \u017cyciowych decyzji&#8230;<\/p>\n","protected":false},"author":1,"featured_media":0,"parent":0,"menu_order":0,"comment_status":"open","ping_status":"open","template":"full_width.php","meta":{"footnotes":""},"class_list":["post-19080","page","type-page","status-publish","hentry"],"_links":{"self":[{"href":"https:\/\/mtmarjanscy.pl\/index.php?rest_route=\/wp\/v2\/pages\/19080","targetHints":{"allow":["GET"]}}],"collection":[{"href":"https:\/\/mtmarjanscy.pl\/index.php?rest_route=\/wp\/v2\/pages"}],"about":[{"href":"https:\/\/mtmarjanscy.pl\/index.php?rest_route=\/wp\/v2\/types\/page"}],"author":[{"embeddable":true,"href":"https:\/\/mtmarjanscy.pl\/index.php?rest_route=\/wp\/v2\/users\/1"}],"replies":[{"embeddable":true,"href":"https:\/\/mtmarjanscy.pl\/index.php?rest_route=%2Fwp%2Fv2%2Fcomments&post=19080"}],"version-history":[{"count":11,"href":"https:\/\/mtmarjanscy.pl\/index.php?rest_route=\/wp\/v2\/pages\/19080\/revisions"}],"predecessor-version":[{"id":22423,"href":"https:\/\/mtmarjanscy.pl\/index.php?rest_route=\/wp\/v2\/pages\/19080\/revisions\/22423"}],"wp:attachment":[{"href":"https:\/\/mtmarjanscy.pl\/index.php?rest_route=%2Fwp%2Fv2%2Fmedia&parent=19080"}],"curies":[{"name":"wp","href":"https:\/\/api.w.org\/{rel}","templated":true}]}}