{"id":18859,"date":"2014-06-02T09:22:38","date_gmt":"2014-06-02T09:22:38","guid":{"rendered":"http:\/\/demo.select-themes.com\/stockholm2\/?page_id=18859"},"modified":"2023-01-25T12:38:23","modified_gmt":"2023-01-25T11:38:23","slug":"o-kancelarii","status":"publish","type":"page","link":"https:\/\/mtmarjanscy.pl\/?page_id=18859","title":{"rendered":"O KANCELARII"},"content":{"rendered":"<p>[vc_row row_type=&#8221;row&#8221; use_row_as_full_screen_section=&#8221;no&#8221; type=&#8221;grid&#8221; text_align=&#8221;left&#8221; background_animation=&#8221;none&#8221; padding_top=&#8221;85&#8243; padding_bottom=&#8221;40&#8243; css_animation=&#8221;&#8221; background_color=&#8221;#ffffff&#8221;][vc_column][vc_column_text]<\/p>\n<h2>O KANCELARII<\/h2>\n<p>[\/vc_column_text][vc_separator type=&#8221;transparent&#8221; border_style=&#8221;&#8221; thickness=&#8221;1&#8243; up=&#8221;20&#8243; down=&#8221;0&#8243;][vc_column_text]<strong>Kancelaria Radc\u00f3w Prawnych M. T. Marja\u0144scy s.c.<\/strong> jest polsk\u0105 kancelari\u0105, kt\u00f3ra zosta\u0142a powo\u0142ana do \u017cycia w 2009 roku przez wsp\u00f3lnik\u00f3w: radc\u0119 prawnego Magdalen\u0119 Marja\u0144sk\u0105 i radc\u0119 prawnego Tomasza Marja\u0144skiego. Wsp\u00f3lnicy Kancelarii, kt\u00f3rzy wykonuj\u0105 zaw\u00f3d radcy prawnego od ponad 20 lat, posiadaj\u0105 du\u017c\u0105 wiedz\u0119 oraz bogate do\u015bwiadczenie w kluczowych dziedzinach prawa.[\/vc_column_text][\/vc_column][\/vc_row][vc_row row_type=&#8221;row&#8221; use_row_as_full_screen_section=&#8221;no&#8221; type=&#8221;grid&#8221; text_align=&#8221;left&#8221; background_animation=&#8221;none&#8221; padding_top=&#8221;10&#8243; padding_bottom=&#8221;40&#8243; css_animation=&#8221;&#8221; background_color=&#8221;#ffffff&#8221;][vc_column][vc_row_inner row_type=&#8221;row&#8221; type=&#8221;full_width&#8221; use_row_as_full_screen_section_slide=&#8221;no&#8221; text_align=&#8221;left&#8221; css_animation=&#8221;&#8221;][vc_column_inner width=&#8221;1\/2&#8243;][vc_column_text]Kancelaria <strong>Radc\u00f3w Prawnych M. T. Marja\u0144scy s.c.<\/strong> zajmuje si\u0119 \u015bwiadczeniem na rzecz os\u00f3b fizycznych oraz os\u00f3b prawnych us\u0142ug prawnych polegaj\u0105cych w szczeg\u00f3lno\u015bci na:[\/vc_column_text][vc_separator type=&#8221;transparent&#8221; border_style=&#8221;&#8221; up=&#8221;20&#8243; down=&#8221;0&#8243;]<div class=\"q_icon_list\"><i class=\"fa fa-check-circle normal_icon_list  \" style=\"\"><\/i><p class=\"normal_icon_list \" style=\"\">reprezentowaniu klient\u00f3w przed s\u0105dami powszechnymi, S\u0105dem Najwy\u017cszym oraz organami egzekucyjnymi<\/p><\/div><div class=\"q_icon_list\"><i class=\"fa fa-check-circle normal_icon_list  \" style=\"\"><\/i><p class=\"normal_icon_list \" style=\"\">prowadzeniu kompleksowej obs\u0142ugi prawnej podmiot\u00f3w gospodarczych<\/p><\/div><div class=\"q_icon_list\"><i class=\"fa fa-check-circle normal_icon_list  \" style=\"\"><\/i><p class=\"normal_icon_list \" style=\"\">sporz\u0105dzaniu um\u00f3w oraz innych dokument\u00f3w prawnych<\/p><\/div><div class=\"q_icon_list\"><i class=\"fa fa-check-circle normal_icon_list  \" style=\"\"><\/i><p class=\"normal_icon_list \" style=\"\">doradztwie prawnym<\/p><\/div><div class=\"q_icon_list\"><i class=\"fa fa-check-circle normal_icon_list  \" style=\"\"><\/i><p class=\"normal_icon_list \" style=\"\">sporz\u0105dzaniu opinii prawnych<\/p><\/div><div class=\"q_icon_list\"><i class=\"fa fa-check-circle normal_icon_list  \" style=\"\"><\/i><p class=\"normal_icon_list \" style=\"\">prowadzeniu negocjacji<\/p><\/div>[\/vc_column_inner][vc_column_inner width=&#8221;1\/2&#8243;][vc_column_text]<img loading=\"lazy\" decoding=\"async\" class=\"alignnone wp-image-22230 size-full\" src=\"http:\/\/mtmarjanscy.pl\/wp-content\/uploads\/2023\/01\/palace-of-culture-and-science-7022780_1920-1.jpg\" alt=\"\" width=\"1920\" height=\"1280\" srcset=\"https:\/\/mtmarjanscy.pl\/wp-content\/uploads\/2023\/01\/palace-of-culture-and-science-7022780_1920-1.jpg 1920w, https:\/\/mtmarjanscy.pl\/wp-content\/uploads\/2023\/01\/palace-of-culture-and-science-7022780_1920-1-480x320.jpg 480w, https:\/\/mtmarjanscy.pl\/wp-content\/uploads\/2023\/01\/palace-of-culture-and-science-7022780_1920-1-1200x800.jpg 1200w, https:\/\/mtmarjanscy.pl\/wp-content\/uploads\/2023\/01\/palace-of-culture-and-science-7022780_1920-1-768x512.jpg 768w, https:\/\/mtmarjanscy.pl\/wp-content\/uploads\/2023\/01\/palace-of-culture-and-science-7022780_1920-1-1536x1024.jpg 1536w, https:\/\/mtmarjanscy.pl\/wp-content\/uploads\/2023\/01\/palace-of-culture-and-science-7022780_1920-1-700x467.jpg 700w, https:\/\/mtmarjanscy.pl\/wp-content\/uploads\/2023\/01\/palace-of-culture-and-science-7022780_1920-1-1100x733.jpg 1100w\" sizes=\"auto, (max-width: 1920px) 100vw, 1920px\" \/>[\/vc_column_text][\/vc_column_inner][\/vc_row_inner][\/vc_column][\/vc_row][vc_row row_type=&#8221;row&#8221; use_row_as_full_screen_section=&#8221;no&#8221; type=&#8221;grid&#8221; text_align=&#8221;left&#8221; background_animation=&#8221;none&#8221; padding_top=&#8221;10&#8243; padding_bottom=&#8221;10&#8243; css_animation=&#8221;&#8221; background_color=&#8221;#f5f5f5&#8243;][vc_column][vc_separator type=&#8221;transparent&#8221; border_style=&#8221;&#8221; up=&#8221;40&#8243; down=&#8221;0&#8243;][vc_column_text]<\/p>\n<h5>KANCELARIA SPECJALIZUJE SI\u0118 W SZCZEG\u00d3LNO\u015aCI W SPRAWACH Z ZAKRESU:<\/h5>\n<p>[\/vc_column_text][vc_separator type=&#8221;transparent&#8221; border_style=&#8221;&#8221; up=&#8221;40&#8243; down=&#8221;0&#8243;][vc_row_inner row_type=&#8221;row&#8221; type=&#8221;full_width&#8221; use_row_as_full_screen_section_slide=&#8221;no&#8221; text_align=&#8221;left&#8221; css_animation=&#8221;&#8221;][vc_column_inner width=&#8221;1\/2&#8243;]<div class=\"q_icon_list\"><i class=\"fa fa-check-circle normal_icon_list  \" style=\"\"><\/i><p class=\"normal_icon_list \" style=\"\">prawa sp\u00f3\u0142dzielczego<\/p><\/div><div class=\"q_icon_list\"><i class=\"fa fa-check-circle normal_icon_list  \" style=\"\"><\/i><p class=\"normal_icon_list \" style=\"\">prawa lokalowego (wsp\u00f3lnoty mieszkaniowe)<\/p><\/div><div class=\"q_icon_list\"><i class=\"fa fa-check-circle normal_icon_list  \" style=\"\"><\/i><p class=\"normal_icon_list \" style=\"\">prawa zobowi\u0105za\u0144 i um\u00f3w<\/p><\/div><div class=\"q_icon_list\"><i class=\"fa fa-check-circle normal_icon_list  \" style=\"\"><\/i><p class=\"normal_icon_list \" style=\"\">prawa dot. nieruchomo\u015bci<\/p><\/div><div class=\"q_icon_list\"><i class=\"fa fa-check-circle normal_icon_list  \" style=\"\"><\/i><p class=\"normal_icon_list \" style=\"\">prawa gospodarczego<\/p><\/div><div class=\"q_icon_list\"><i class=\"fa fa-check-circle normal_icon_list  \" style=\"\"><\/i><p class=\"normal_icon_list \" style=\"\">prawa sp\u00f3\u0142ek handlowych<\/p><\/div>[\/vc_column_inner][vc_column_inner width=&#8221;1\/2&#8243;]<div class=\"q_icon_list\"><i class=\"fa fa-check-circle normal_icon_list  \" style=\"\"><\/i><p class=\"normal_icon_list \" style=\"\">prawa budowlanego<\/p><\/div><div class=\"q_icon_list\"><i class=\"fa fa-check-circle normal_icon_list  \" style=\"\"><\/i><p class=\"normal_icon_list \" style=\"\">prawa autorskiego<\/p><\/div><div class=\"q_icon_list\"><i class=\"fa fa-check-circle normal_icon_list  \" style=\"\"><\/i><p class=\"normal_icon_list \" style=\"\">prawa ubezpieczeniowego<\/p><\/div><div class=\"q_icon_list\"><i class=\"fa fa-check-circle normal_icon_list  \" style=\"\"><\/i><p class=\"normal_icon_list \" style=\"\">prawa upad\u0142o\u015bciowego i restrukturyzacyjnego<\/p><\/div><div class=\"q_icon_list\"><i class=\"fa fa-check-circle normal_icon_list  \" style=\"\"><\/i><p class=\"normal_icon_list \" style=\"\">prawa administracyjnego<\/p><\/div>[\/vc_column_inner][\/vc_row_inner][\/vc_column][\/vc_row][vc_row rtl_reverse=&#8221;yes&#8221; row_type=&#8221;row&#8221; use_row_as_full_screen_section=&#8221;no&#8221; type=&#8221;grid&#8221; text_align=&#8221;left&#8221; background_animation=&#8221;none&#8221; padding_top=&#8221;10&#8243; padding_bottom=&#8221;10&#8243; css_animation=&#8221;&#8221; background_color=&#8221;#f5f5f5&#8243; css=&#8221;.vc_custom_1674556894788{background-color: #ffffff !important;}&#8221;][vc_column width=&#8221;1\/2&#8243;][vc_separator type=&#8221;transparent&#8221; border_style=&#8221;&#8221; up=&#8221;20&#8243; down=&#8221;0&#8243;][vc_column_text]<img loading=\"lazy\" decoding=\"async\" class=\"alignnone wp-image-22231 size-full\" src=\"http:\/\/mtmarjanscy.pl\/wp-content\/uploads\/2023\/01\/poland-891561_1920.jpg\" alt=\"\" width=\"1920\" height=\"1275\" srcset=\"https:\/\/mtmarjanscy.pl\/wp-content\/uploads\/2023\/01\/poland-891561_1920.jpg 1920w, https:\/\/mtmarjanscy.pl\/wp-content\/uploads\/2023\/01\/poland-891561_1920-480x319.jpg 480w, https:\/\/mtmarjanscy.pl\/wp-content\/uploads\/2023\/01\/poland-891561_1920-1200x797.jpg 1200w, https:\/\/mtmarjanscy.pl\/wp-content\/uploads\/2023\/01\/poland-891561_1920-768x510.jpg 768w, https:\/\/mtmarjanscy.pl\/wp-content\/uploads\/2023\/01\/poland-891561_1920-1536x1020.jpg 1536w, https:\/\/mtmarjanscy.pl\/wp-content\/uploads\/2023\/01\/poland-891561_1920-700x465.jpg 700w, https:\/\/mtmarjanscy.pl\/wp-content\/uploads\/2023\/01\/poland-891561_1920-1100x730.jpg 1100w\" sizes=\"auto, (max-width: 1920px) 100vw, 1920px\" \/>[\/vc_column_text][\/vc_column][vc_column width=&#8221;1\/2&#8243; css=&#8221;.vc_custom_1674457017950{padding-top: 5% !important;padding-bottom: 5% !important;}&#8221;][vc_separator type=&#8221;transparent&#8221; border_style=&#8221;&#8221; up=&#8221;20&#8243; down=&#8221;0&#8243;][vc_column_text]Obszar dzia\u0142ania Kancelarii obejmuje przede wszystkim Warszaw\u0119 i wojew\u00f3dztwo mazowieckie, jednak na zlecenie klient\u00f3w prowadzimy tak\u017ce sprawy na obszarze ca\u0142ej Polski.[\/vc_column_text][vc_separator type=&#8221;transparent&#8221; border_style=&#8221;&#8221; up=&#8221;20&#8243; down=&#8221;0&#8243;][vc_column_text]Kancelaria wsp\u00f3\u0142pracuje z innymi radcami prawnymi i adwokatami. Ze wzgl\u0119du na r\u00f3\u017cnorodny charakter przyjmowanych przez Kancelari\u0119 spraw, wsp\u00f3\u0142praca Kancelarii odbywa si\u0119 r\u00f3wnie\u017c na p\u0142aszczyznach pozaprawnych ze specjalistami z innych dziedzin, m.in. z bran\u017cy budowlanej, finansowej, rzeczoznawstwa maj\u0105tkowego.[\/vc_column_text][\/vc_column][\/vc_row][vc_row row_type=&#8221;row&#8221; use_row_as_full_screen_section=&#8221;no&#8221; type=&#8221;grid&#8221; text_align=&#8221;left&#8221; background_animation=&#8221;none&#8221; padding_top=&#8221;84&#8243; padding_bottom=&#8221;91&#8243; css_animation=&#8221;&#8221; background_color=&#8221;#ffffff&#8221;][vc_column][vc_row_inner row_type=&#8221;row&#8221; type=&#8221;full_width&#8221; use_row_as_full_screen_section_slide=&#8221;no&#8221; text_align=&#8221;left&#8221; css_animation=&#8221;&#8221;][vc_column_inner][vc_column_text]W przypadku jakichkolwiek pyta\u0144 prosimy o kontakt telefoniczny lub za pomoc\u0105 poczty elektronicznej.[\/vc_column_text][\/vc_column_inner][\/vc_row_inner][\/vc_column][\/vc_row]<\/p>\n","protected":false},"excerpt":{"rendered":"<p>[vc_row row_type=&#8221;row&#8221; use_row_as_full_screen_section=&#8221;no&#8221; type=&#8221;grid&#8221; text_align=&#8221;left&#8221; background_animation=&#8221;none&#8221; padding_top=&#8221;85&#8243; padding_bottom=&#8221;40&#8243; css_animation=&#8221;&#8221; background_color=&#8221;#ffffff&#8221;][vc_column][vc_column_text] O KANCELARII [\/vc_column_text][vc_separator type=&#8221;transparent&#8221; border_style=&#8221;&#8221; thickness=&#8221;1&#8243; up=&#8221;20&#8243; down=&#8221;0&#8243;][vc_column_text]Kancelaria Radc\u00f3w Prawnych M. T. Marja\u0144scy s.c. jest polsk\u0105 kancelari\u0105, kt\u00f3ra zosta\u0142a powo\u0142ana do \u017cycia w 2009 roku przez wsp\u00f3lnik\u00f3w: radc\u0119 prawnego Magdalen\u0119 Marja\u0144sk\u0105 i radc\u0119 prawnego Tomasza&#8230;<\/p>\n","protected":false},"author":1,"featured_media":0,"parent":0,"menu_order":0,"comment_status":"open","ping_status":"open","template":"full_width.php","meta":{"footnotes":""},"class_list":["post-18859","page","type-page","status-publish","hentry"],"_links":{"self":[{"href":"https:\/\/mtmarjanscy.pl\/index.php?rest_route=\/wp\/v2\/pages\/18859","targetHints":{"allow":["GET"]}}],"collection":[{"href":"https:\/\/mtmarjanscy.pl\/index.php?rest_route=\/wp\/v2\/pages"}],"about":[{"href":"https:\/\/mtmarjanscy.pl\/index.php?rest_route=\/wp\/v2\/types\/page"}],"author":[{"embeddable":true,"href":"https:\/\/mtmarjanscy.pl\/index.php?rest_route=\/wp\/v2\/users\/1"}],"replies":[{"embeddable":true,"href":"https:\/\/mtmarjanscy.pl\/index.php?rest_route=%2Fwp%2Fv2%2Fcomments&post=18859"}],"version-history":[{"count":16,"href":"https:\/\/mtmarjanscy.pl\/index.php?rest_route=\/wp\/v2\/pages\/18859\/revisions"}],"predecessor-version":[{"id":22422,"href":"https:\/\/mtmarjanscy.pl\/index.php?rest_route=\/wp\/v2\/pages\/18859\/revisions\/22422"}],"wp:attachment":[{"href":"https:\/\/mtmarjanscy.pl\/index.php?rest_route=%2Fwp%2Fv2%2Fmedia&parent=18859"}],"curies":[{"name":"wp","href":"https:\/\/api.w.org\/{rel}","templated":true}]}}